{"id":20106,"date":"2017-07-23T10:29:10","date_gmt":"2017-07-23T10:29:10","guid":{"rendered":"https:\/\/www.network-globalhealth.com\/impressum-2\/"},"modified":"2024-02-01T16:37:57","modified_gmt":"2024-02-01T16:37:57","slug":"imprint","status":"publish","type":"page","link":"https:\/\/www.network-globalhealth.com\/en\/imprint\/","title":{"rendered":"Imprint"},"content":{"rendered":"<p>[et_pb_section fb_built=&#8221;1&#8243; admin_label=&#8221;section&#8221; _builder_version=&#8221;4.16&#8243; background_color=&#8221;#d3d3d3&#8243; global_colors_info=&#8221;{}&#8221;][et_pb_row admin_label=&#8221;row&#8221; _builder_version=&#8221;4.16&#8243; background_size=&#8221;initial&#8221; background_position=&#8221;top_left&#8221; background_repeat=&#8221;repeat&#8221; global_colors_info=&#8221;{}&#8221;][et_pb_column type=&#8221;4_4&#8243; _builder_version=&#8221;4.16&#8243; custom_padding=&#8221;|||&#8221; global_colors_info=&#8221;{}&#8221; custom_padding__hover=&#8221;|||&#8221;][et_pb_text admin_label=&#8221;Text&#8221; _builder_version=&#8221;4.16&#8243; background_size=&#8221;initial&#8221; background_position=&#8221;top_left&#8221; background_repeat=&#8221;repeat&#8221; global_colors_info=&#8221;{}&#8221;]<\/p>\n<h1>Impressum<\/h1>\n<p>[\/et_pb_text][et_pb_text admin_label=&#8221;Text&#8221; _builder_version=&#8221;4.24.0&#8243; background_size=&#8221;initial&#8221; background_position=&#8221;top_left&#8221; background_repeat=&#8221;repeat&#8221; hover_enabled=&#8221;0&#8243; global_colors_info=&#8221;{}&#8221; sticky_enabled=&#8221;0&#8243;]<\/p>\n<p><strong>Lichtblick GmbH<\/strong><\/p>\n<p>M\u00fchlenstr. 19<br \/>48317 Drensteinfurt, GERMANY<\/p>\n<p>Telefon: +49 (0)2508 &#8211; 2159-0<br \/>Telefax: +49 (0)2508 &#8211; 2159-111<br \/>E-Mail: <a href=\"mailto:info@lichtblick-gmbh.de\">info@lichtblick-gmbh.de<\/a><\/p>\n<p><strong>Represented by:<\/strong><br \/>Managing Director Dr. Michaele Hetzel<\/p>\n<p><strong>Register entry:<\/strong><br \/>Registered in the commercial register.<br \/>Register court: City of M\u00fcnster<br \/>Register number: HRB 8088<\/p>\n<p><strong>VAT-ID: <\/strong><br \/>Sales tax identification number according to \u00a727a sales tax law: DE153623025<\/p>\n<p><strong>Image rights:<\/strong><br \/>The list of picture credits is currently under construction. On request, we will of course provide you with detailed proof of the image in question as soon as possible.<br \/>The image rights for almost all images are held by Lichtblick GmbH and Mr. Volker Schrader.<br \/>A few originate from Fotolia or Adobe Stock Photo. This list is currently being compiled and will be updated at short notice.<\/p>\n<h2>Note in accordance with the Online Dispute Resolution Regulation<\/h2>\n<p>Under applicable law, we are obliged to inform consumers of the existence of the European Online Dispute Resolution Platform, which can be used to resolve disputes without having to go to court. The European Commission is responsible for setting up the platform. The European online dispute resolution platform can be found here: <a href=\"http:\/\/ec.europa.eu\/odr\" target=\"_blank\" rel=\"nofollow noopener noreferrer\">http:\/\/ec.europa.eu\/odr<\/a>. Our E-Mail address: <a href=\"mailto:info@lichtblick-gmbh.de\">info@lichtblick-gmbh.de<\/a><\/p>\n<p>However, we would like to point out that we are not prepared to participate in the dispute resolution procedure within the framework of the European Online Dispute Resolution Platform. Please use our e-mail and telephone number above to contact us.<\/p>\n<h2>Disclaimer &#8211; legal information<\/h2>\n<p>\u00a7 1 Content warning<\/p>\n<p>The free and freely accessible content of this website has been created with the greatest possible care. However, the provider of this website assumes no responsibility for the accuracy and timeliness of the free and freely accessible journalistic guides and news provided. Contributions identified by name reflect the opinion of the respective author and not always the opinion of the provider. No contractual relationship is established between the user and the provider simply by accessing the free and freely accessible content; in this respect, the provider has no intention to be legally bound.<\/p>\n<p>\u00a7 2 External links<\/p>\n<p>This website contains links to third-party websites (&#8220;external links&#8221;). These websites are subject to the liability of the respective operators. When the external links were first created, the provider checked the third-party content for any legal violations. No legal violations were apparent at that time. The provider has no influence whatsoever on the current and future design and content of the linked pages. The inclusion of external links does not mean that the provider adopts the content behind the reference or link as its own. It is not reasonable for the provider to constantly monitor external links without concrete evidence of legal violations. However, such external links will be deleted immediately if we become aware of any legal infringements.<\/p>\n<p>\u00a7 3 Copyright and ancillary copyrights<\/p>\n<p>The content published on this website is subject to German copyright and ancillary copyright law. Any use not permitted by German copyright and ancillary copyright law requires the prior written consent of the provider or respective rights holder. This applies in particular to the duplication, editing, translation, storage, processing or reproduction of content in databases or other electronic media and systems. Third-party content and rights are identified as such. The unauthorized reproduction or distribution of individual contents or complete pages is not permitted and is punishable by law. Only the production of copies and downloads for personal, private and non-commercial use is permitted.<\/p>\n<p>The presentation of this website in external frames is only permitted with written permission.<\/p>\n<p>\u00a7 4 Special terms of use<\/p>\n<p>Insofar as special conditions for individual uses of this website deviate from the aforementioned paragraphs, this will be expressly indicated at the appropriate point. In this case, the special terms of use shall apply in each individual case.<\/p>\n<p>Source: <a href=\"https:\/\/www.juraforum.de\/impressum-generator\/\">Impressum Vorlage von JuraForum.de<\/a><\/p>\n<p>Translated with www.DeepL.com\/Translator<\/p>\n<p>[\/et_pb_text][\/et_pb_column][\/et_pb_row][\/et_pb_section]<\/p>\n","protected":false},"excerpt":{"rendered":"<p>ImpressumLichtblick GmbH M\u00fchlenstr. 1948317 Drensteinfurt, GERMANY Telefon: +49 (0)2508 &#8211; 2159-0Telefax: +49 (0)2508 &#8211; 2159-111E-Mail: info@lichtblick-gmbh.de Represented by:Managing Director Dr. Michaele Hetzel Register entry:Registered in the commercial register.Register court: City of M\u00fcnsterRegister number: HRB 8088 VAT-ID: Sales tax identification number according to \u00a727a sales tax law: DE153623025 Image rights:The list of picture credits is currently [&hellip;]<\/p>\n","protected":false},"author":5,"featured_media":0,"parent":0,"menu_order":1,"comment_status":"closed","ping_status":"closed","template":"","meta":{"_acf_changed":false,"_bbp_topic_count":0,"_bbp_reply_count":0,"_bbp_total_topic_count":0,"_bbp_total_reply_count":0,"_bbp_voice_count":0,"_bbp_anonymous_reply_count":0,"_bbp_topic_count_hidden":0,"_bbp_reply_count_hidden":0,"_bbp_forum_subforum_count":0,"_et_pb_use_builder":"on","_et_pb_old_content":"<strong>Haftungshinweis und Lizenz: Das nachstehende Muster-Impressum ist von einem Rechtsanwalt erstellt worden (http:\/\/rechtsanwalt-schwenke.de). Sie entspricht den rechtlichen Anforderungen eines typischen, an Verbraucher gerichteten Onlineshops. Jedoch sollten Sie das Muster nur nach sorgf\u00e4ltiger Pr\u00fcfung und Anpassung auf Ihr konkretes Gesch\u00e4ftsmodell verwenden. Die Klauseln k\u00f6nnen in bestimmten Konstellationen nicht ausreichend sein. Lassen Sie sich im Zweifel rechtlich beraten.<\/strong>\r\n\r\n<strong>Das Muster-Impressum ist urheberrechtlich gesch\u00fctzt und deren Nutzung nur im Rahmen der German Market-Lizenz innerhalb des Shops erlaubt. D.h. das Muster-Impressum darf z.B. nicht auf anderen Websites verwendet werden.<\/strong>\r\n\r\n<strong>Bearbeitungshinweis: Bitte pr\u00fcfen Sie und \u00e4ndern die Angaben entsprechend Ihren Bed\u00fcrfnissen.<\/strong>\r\n\r\nDemoShop e.K.,\r\nInhaber: Max Muster Demostra\u00dfe 1\r\n12345 Demostadt\r\n\r\nGesch\u00e4ftsf\u00fchrung: Max Muster\r\n[Einzelunternehmer d\u00fcrfen sich nur als Inhaber, nicht als Gesch\u00e4ftsf\u00fchrer bezeichnen. Bei Gesellschaften, z.B. GbR\/OHG\/UG\/GmbH m\u00fcssen die Gesch\u00e4ftsf\u00fchrer, bzw. gesch\u00e4ftsf\u00fchrenden Gesellschafter genannt werden, z.B. bei einer GmbH \"Gesch\u00e4ftsf\u00fchrer: Max Mustermann\" oder bei einer GbR \"Gesellschafter: Max Mustermann, Peter M\u00fcller\"]\r\n\r\nTelefonnummer: 0123456789\r\nFaxnummer:\u00a00123456789 [Hinweis: Die Faxnummer ist optional]\r\nE-Mailadresse:\u00a0name @ marketpress.com\r\n\r\nRegistergericht & Registernummer: Amtsgericht Demostadt: HR 12345\r\n[Diese Angabe ist notwendig, falls Sie im Handels\/Gesellschaftsregister o.\u00e4. registriert sind]\r\n\r\nUmsatzsteuer-Identifikationsnummer: DE 189 278 309\r\n[Diese Angabe ist notwendig, falls Ihnen eine UStId-Nr zugeteilt worden ist.]\r\n\r\nInhaltlich verantwortlich: Max Muster, Adresse wie oben.\r\n[Diese Angabe ist notwendig, falls Sie einen Blog zum Shop f\u00fchren.]\r\n\r\nPlattform der Europ\u00e4ischen Kommission zur Online-Streitbeilegung (OS) f\u00fcr Verbraucher: https:\/\/ec.europa.eu\/consumers\/odr\/. Wir sind nicht bereit und nicht verpflichtet an einem Streitbeilegungsverfahren vor einer Verbraucherschlichtungsstelle teilzunehmen.\r\n\r\n[Hinweis: Angaben zum Haftungsausschluss, wie der Linkhaftung, sind nicht notwendig]","_et_gb_content_width":"","_exactmetrics_skip_tracking":false,"_exactmetrics_sitenote_active":false,"_exactmetrics_sitenote_note":"","_exactmetrics_sitenote_category":0,"footnotes":""},"class_list":["post-20106","page","type-page","status-publish","hentry"],"acf":[],"yoast_head":"<!-- This site is optimized with the Yoast SEO Premium plugin v27.3 (Yoast SEO v27.3) - https:\/\/yoast.com\/product\/yoast-seo-premium-wordpress\/ -->\n<title>Imprint - NETWORK-Globalhealth<\/title>\n<meta name=\"robots\" content=\"index, follow, max-snippet:-1, max-image-preview:large, max-video-preview:-1\" \/>\n<link rel=\"canonical\" href=\"https:\/\/www.network-globalhealth.com\/en\/imprint\/\" \/>\n<meta property=\"og:locale\" content=\"en_US\" \/>\n<meta property=\"og:type\" content=\"article\" \/>\n<meta property=\"og:title\" content=\"Imprint\" \/>\n<meta property=\"og:description\" content=\"ImpressumLichtblick GmbH M\u00fchlenstr. 1948317 Drensteinfurt, GERMANY Telefon: +49 (0)2508 - 2159-0Telefax: +49 (0)2508 - 2159-111E-Mail: info@lichtblick-gmbh.de Represented by:Managing Director Dr. Michaele Hetzel Register entry:Registered in the commercial register.Register court: City of M\u00fcnsterRegister number: HRB 8088 VAT-ID: Sales tax identification number according to \u00a727a sales tax law: DE153623025 Image rights:The list of picture credits is currently [&hellip;]\" \/>\n<meta property=\"og:url\" content=\"https:\/\/www.network-globalhealth.com\/en\/imprint\/\" \/>\n<meta property=\"og:site_name\" content=\"NETWORK-Globalhealth\" \/>\n<meta property=\"article:modified_time\" content=\"2024-02-01T16:37:57+00:00\" \/>\n<meta name=\"twitter:card\" content=\"summary_large_image\" \/>\n<meta name=\"twitter:label1\" content=\"Est. reading time\" \/>\n\t<meta name=\"twitter:data1\" content=\"4 minutes\" \/>\n<script type=\"application\/ld+json\" class=\"yoast-schema-graph\">{\"@context\":\"https:\\\/\\\/schema.org\",\"@graph\":[{\"@type\":\"WebPage\",\"@id\":\"https:\\\/\\\/www.network-globalhealth.com\\\/en\\\/imprint\\\/\",\"url\":\"https:\\\/\\\/www.network-globalhealth.com\\\/en\\\/imprint\\\/\",\"name\":\"Imprint - NETWORK-Globalhealth\",\"isPartOf\":{\"@id\":\"https:\\\/\\\/www.network-globalhealth.com\\\/#website\"},\"datePublished\":\"2017-07-23T10:29:10+00:00\",\"dateModified\":\"2024-02-01T16:37:57+00:00\",\"breadcrumb\":{\"@id\":\"https:\\\/\\\/www.network-globalhealth.com\\\/en\\\/imprint\\\/#breadcrumb\"},\"inLanguage\":\"en-US\",\"potentialAction\":[{\"@type\":\"ReadAction\",\"target\":[\"https:\\\/\\\/www.network-globalhealth.com\\\/en\\\/imprint\\\/\"]}]},{\"@type\":\"BreadcrumbList\",\"@id\":\"https:\\\/\\\/www.network-globalhealth.com\\\/en\\\/imprint\\\/#breadcrumb\",\"itemListElement\":[{\"@type\":\"ListItem\",\"position\":1,\"name\":\"Startseite\",\"item\":\"https:\\\/\\\/www.network-globalhealth.com\\\/en\\\/\"},{\"@type\":\"ListItem\",\"position\":2,\"name\":\"Imprint\"}]},{\"@type\":\"WebSite\",\"@id\":\"https:\\\/\\\/www.network-globalhealth.com\\\/#website\",\"url\":\"https:\\\/\\\/www.network-globalhealth.com\\\/\",\"name\":\"NETWORK-Globalhealth\",\"description\":\"\",\"potentialAction\":[{\"@type\":\"SearchAction\",\"target\":{\"@type\":\"EntryPoint\",\"urlTemplate\":\"https:\\\/\\\/www.network-globalhealth.com\\\/?s={search_term_string}\"},\"query-input\":{\"@type\":\"PropertyValueSpecification\",\"valueRequired\":true,\"valueName\":\"search_term_string\"}}],\"inLanguage\":\"en-US\"}]}<\/script>\n<!-- \/ Yoast SEO Premium plugin. -->","yoast_head_json":{"title":"Imprint - NETWORK-Globalhealth","robots":{"index":"index","follow":"follow","max-snippet":"max-snippet:-1","max-image-preview":"max-image-preview:large","max-video-preview":"max-video-preview:-1"},"canonical":"https:\/\/www.network-globalhealth.com\/en\/imprint\/","og_locale":"en_US","og_type":"article","og_title":"Imprint","og_description":"ImpressumLichtblick GmbH M\u00fchlenstr. 1948317 Drensteinfurt, GERMANY Telefon: +49 (0)2508 - 2159-0Telefax: +49 (0)2508 - 2159-111E-Mail: info@lichtblick-gmbh.de Represented by:Managing Director Dr. Michaele Hetzel Register entry:Registered in the commercial register.Register court: City of M\u00fcnsterRegister number: HRB 8088 VAT-ID: Sales tax identification number according to \u00a727a sales tax law: DE153623025 Image rights:The list of picture credits is currently [&hellip;]","og_url":"https:\/\/www.network-globalhealth.com\/en\/imprint\/","og_site_name":"NETWORK-Globalhealth","article_modified_time":"2024-02-01T16:37:57+00:00","twitter_card":"summary_large_image","twitter_misc":{"Est. reading time":"4 minutes"},"schema":{"@context":"https:\/\/schema.org","@graph":[{"@type":"WebPage","@id":"https:\/\/www.network-globalhealth.com\/en\/imprint\/","url":"https:\/\/www.network-globalhealth.com\/en\/imprint\/","name":"Imprint - NETWORK-Globalhealth","isPartOf":{"@id":"https:\/\/www.network-globalhealth.com\/#website"},"datePublished":"2017-07-23T10:29:10+00:00","dateModified":"2024-02-01T16:37:57+00:00","breadcrumb":{"@id":"https:\/\/www.network-globalhealth.com\/en\/imprint\/#breadcrumb"},"inLanguage":"en-US","potentialAction":[{"@type":"ReadAction","target":["https:\/\/www.network-globalhealth.com\/en\/imprint\/"]}]},{"@type":"BreadcrumbList","@id":"https:\/\/www.network-globalhealth.com\/en\/imprint\/#breadcrumb","itemListElement":[{"@type":"ListItem","position":1,"name":"Startseite","item":"https:\/\/www.network-globalhealth.com\/en\/"},{"@type":"ListItem","position":2,"name":"Imprint"}]},{"@type":"WebSite","@id":"https:\/\/www.network-globalhealth.com\/#website","url":"https:\/\/www.network-globalhealth.com\/","name":"NETWORK-Globalhealth","description":"","potentialAction":[{"@type":"SearchAction","target":{"@type":"EntryPoint","urlTemplate":"https:\/\/www.network-globalhealth.com\/?s={search_term_string}"},"query-input":{"@type":"PropertyValueSpecification","valueRequired":true,"valueName":"search_term_string"}}],"inLanguage":"en-US"}]}},"_links":{"self":[{"href":"https:\/\/www.network-globalhealth.com\/en\/wp-json\/wp\/v2\/pages\/20106","targetHints":{"allow":["GET"]}}],"collection":[{"href":"https:\/\/www.network-globalhealth.com\/en\/wp-json\/wp\/v2\/pages"}],"about":[{"href":"https:\/\/www.network-globalhealth.com\/en\/wp-json\/wp\/v2\/types\/page"}],"author":[{"embeddable":true,"href":"https:\/\/www.network-globalhealth.com\/en\/wp-json\/wp\/v2\/users\/5"}],"replies":[{"embeddable":true,"href":"https:\/\/www.network-globalhealth.com\/en\/wp-json\/wp\/v2\/comments?post=20106"}],"version-history":[{"count":4,"href":"https:\/\/www.network-globalhealth.com\/en\/wp-json\/wp\/v2\/pages\/20106\/revisions"}],"predecessor-version":[{"id":22768,"href":"https:\/\/www.network-globalhealth.com\/en\/wp-json\/wp\/v2\/pages\/20106\/revisions\/22768"}],"wp:attachment":[{"href":"https:\/\/www.network-globalhealth.com\/en\/wp-json\/wp\/v2\/media?parent=20106"}],"curies":[{"name":"wp","href":"https:\/\/api.w.org\/{rel}","templated":true}]}}