{"id":18669,"date":"2017-07-31T21:20:06","date_gmt":"2017-07-31T21:20:06","guid":{"rendered":"https:\/\/www.network-globalhealth.com\/network-globalhealth\/forpatients\/"},"modified":"2024-10-31T11:01:49","modified_gmt":"2024-10-31T11:01:49","slug":"forpatients","status":"publish","type":"page","link":"https:\/\/www.network-globalhealth.com\/en\/network-globalhealth\/forpatients\/","title":{"rendered":"Information for Patients"},"content":{"rendered":"<p>[et_pb_section fb_built=&#8221;1&#8243; admin_label=&#8221;section&#8221; _builder_version=&#8221;3.22.3&#8243; background_color=&#8221;#000000&#8243; custom_padding=&#8221;30px|0px|30px|0px|false|false&#8221; global_colors_info=&#8221;{}&#8221;][et_pb_row column_structure=&#8221;3_4,1_4&#8243; module_class=&#8221;jumbotron&#8221; _builder_version=&#8221;3.25&#8243; background_color=&#8221;#292c2f&#8221; module_alignment=&#8221;center&#8221; custom_padding=&#8221;56px|60px|56px|60px|true|true&#8221; border_radii=&#8221;on|6px|6px|6px|6px&#8221; global_colors_info=&#8221;{}&#8221;][et_pb_column type=&#8221;3_4&#8243; _builder_version=&#8221;3.25&#8243; custom_padding=&#8221;|||&#8221; global_colors_info=&#8221;{}&#8221; custom_padding__hover=&#8221;|||&#8221;][et_pb_text admin_label=&#8221;NETWORK &#8211; Globalhealth&#8221; _builder_version=&#8221;3.27.4&#8243; header_font=&#8221;||||||||&#8221; header_2_font=&#8221;||||||||&#8221; header_2_text_color=&#8221;#ffffff&#8221; header_2_font_size=&#8221;30px&#8221; header_3_font=&#8221;||||||||&#8221; header_3_text_color=&#8221;#ffffff&#8221; custom_margin=&#8221;20px||10px|&#8221; custom_padding=&#8221;|||&#8221; global_colors_info=&#8221;{}&#8221;]<\/p>\n<h2>NETWORK \u2013 Globalhealth<\/h2>\n<p>[\/et_pb_text][et_pb_text admin_label=&#8221;info&#8221; _builder_version=&#8221;4.6.6&#8243; header_font=&#8221;||||||||&#8221; header_2_font=&#8221;||||||||&#8221; header_2_text_color=&#8221;#ffffff&#8221; header_2_font_size=&#8221;30px&#8221; header_3_font=&#8221;||||||||&#8221; header_3_text_color=&#8221;#ffffff&#8221; custom_margin=&#8221;10px||10px|&#8221; global_colors_info=&#8221;{}&#8221;]<\/p>\n<h3>Informationen f\u00fcr Patienten<\/h3>\n<p>[\/et_pb_text][\/et_pb_column][et_pb_column type=&#8221;1_4&#8243; _builder_version=&#8221;3.25&#8243; custom_padding=&#8221;|||&#8221; global_colors_info=&#8221;{}&#8221; custom_padding__hover=&#8221;|||&#8221;][et_pb_image src=&#8221;https:\/\/www.network-globalhealth.com\/wp-content\/uploads\/2018\/09\/jt-globe.png&#8221; align=&#8221;right&#8221; align_tablet=&#8221;center&#8221; align_phone=&#8221;&#8221; align_last_edited=&#8221;on|desktop&#8221; _builder_version=&#8221;3.23&#8243; max_width=&#8221;160px&#8221; global_colors_info=&#8221;{}&#8221;][\/et_pb_image][\/et_pb_column][\/et_pb_row][\/et_pb_section][et_pb_section fb_built=&#8221;1&#8243; _builder_version=&#8221;3.22.3&#8243; background_color=&#8221;#000000&#8243; custom_padding=&#8221;0|0px|54px|0px|false|false&#8221; global_colors_info=&#8221;{}&#8221;][et_pb_row column_structure=&#8221;1_3,1_3,1_3&#8243; use_custom_gutter=&#8221;on&#8221; gutter_width=&#8221;1&#8243; make_equal=&#8221;on&#8221; admin_label=&#8221;row&#8221; _builder_version=&#8221;3.25&#8243; background_size=&#8221;initial&#8221; background_position=&#8221;top_left&#8221; background_repeat=&#8221;repeat&#8221; custom_margin_tablet=&#8221;||&#8221; custom_margin_phone=&#8221;&#8221; custom_margin_last_edited=&#8221;on|phone&#8221; custom_padding=&#8221;0|0px|30px|0px|false|false&#8221; global_colors_info=&#8221;{}&#8221;][et_pb_column type=&#8221;1_3&#8243; _builder_version=&#8221;3.25&#8243; custom_padding=&#8221;|1px|20px|&#8221; global_colors_info=&#8221;{}&#8221; custom_padding__hover=&#8221;|||&#8221;][et_pb_text _builder_version=&#8221;4.6.6&#8243; text_font=&#8221;||||||||&#8221; text_text_color=&#8221;rgba(0,0,0,0)&#8221; header_font=&#8221;||||||||&#8221; header_2_font=&#8221;||||||||&#8221; header_2_text_align=&#8221;center&#8221; header_2_text_color=&#8221;#333333&#8243; header_2_font_size=&#8221;21px&#8221; background_color=&#8221;#c0c0c0&#8243; custom_margin=&#8221;||0px&#8221; custom_padding=&#8221;20px||10px&#8221; border_radii=&#8221;|3px|3px||&#8221; border_width_all=&#8221;1px&#8221; border_color_all=&#8221;#ddd&#8221; global_colors_info=&#8221;{}&#8221;]<\/p>\n<h2>Informationen zu Therapien<\/h2>\n<p>[\/et_pb_text][et_pb_text admin_label=&#8221;Text&#8221; _builder_version=&#8221;4.6.6&#8243; text_font=&#8221;||||||||&#8221; text_font_size=&#8221;15px&#8221; link_font=&#8221;||||||||&#8221; link_text_color=&#8221;#000000&#8243; background_color=&#8221;#d3d3d3&#8243; background_size=&#8221;initial&#8221; background_position=&#8221;top_left&#8221; background_repeat=&#8221;repeat&#8221; custom_margin=&#8221;||0px&#8221; custom_padding=&#8221;20px|20px|0px|20px||true&#8221; border_width_right=&#8221;1px&#8221; border_color_right=&#8221;#ddd&#8221; border_color_bottom=&#8221;rgba(0,0,0,0)&#8221; border_width_left=&#8221;1px&#8221; border_color_left=&#8221;#dddddd&#8221; global_colors_info=&#8221;{}&#8221;]<\/p>\n<p>Hier finden Sie Informationen zu den verschiedenen, minimal invasiven Therapien:<\/p>\n<p>[\/et_pb_text][et_pb_text ul_item_indent=&#8221;40px&#8221; admin_label=&#8221;Text&#8221; _builder_version=&#8221;4.6.6&#8243; text_font=&#8221;||||||||&#8221; text_font_size=&#8221;15px&#8221; link_font=&#8221;||||||||&#8221; link_text_color=&#8221;#000000&#8243; ul_line_height=&#8221;1.9em&#8221; background_color=&#8221;#d3d3d3&#8243; background_size=&#8221;initial&#8221; background_position=&#8221;top_left&#8221; background_repeat=&#8221;repeat&#8221; min_height=&#8221;254px&#8221; custom_margin=&#8221;||-23px|||&#8221; custom_padding=&#8221;20px|20px|5px|20px|false|true&#8221; border_width_right=&#8221;1px&#8221; border_color_right=&#8221;#ddd&#8221; border_width_bottom=&#8221;1px&#8221; border_color_bottom=&#8221;#ddd&#8221; border_width_left=&#8221;1px&#8221; border_color_left=&#8221;#dddddd&#8221; global_colors_info=&#8221;{}&#8221;]<\/p>\n<ul>\n<li><a href=\"http:\/\/www.network-globalhealth.de\/network-globalhealth\/forpatients\/facecomposition\">\u00c4sthetische Gesichtskomposition<\/a><\/li>\n<li><a href=\"http:\/\/www.network-globalhealth.de\/network-globalhealth\/forpatients\/lipolyse-treatment\">Injektions-Lipolyse (Fettweg-Spritze)<\/a><\/li>\n<li><a href=\"http:\/\/www.network-globalhealth.de\/network-globalhealth\/forpatients\/needling-treatment\">Haut-Oberfl\u00e4chenbehandlung (Needling)<\/a><\/li>\n<li><a href=\"http:\/\/www.network-globalhealth.de\/network-globalhealth\/forpatients\/meso-treatment\">Lifting ohne Skalpell (MesoLift)<\/a><\/li>\n<li><a href=\"https:\/\/www.network-globalhealth.com\/network-globalhealth\/forpatients\/threads-treatment\">Fadenlifting<\/a><\/li>\n<li><a href=\"http:\/\/www.network-globalhealth.de\/network-globalhealth\/forpatients\/botulinum-treatment\">Faltenbehandlung durch Botulinum<\/a><\/li>\n<li><a href=\"http:\/\/www.network-globalhealth.de\/network-globalhealth\/forpatients\/filler-treatment\">Faltenbehandlung durch Filler<\/a><\/li>\n<li><a href=\"http:\/\/www.network-globalhealth.de\/network-globalhealth\/forpatients\/mesohair-treatment\">Haarausfall-Behandlung (Mesotherapie)<\/a><\/li>\n<li><a href=\"http:\/\/www.network-globalhealth.de\/network-globalhealth\/forpatients\/prp-treatment\">Behandlung mit PRP (Eigenblutplasma)<\/a><\/li>\n<li><a href=\"https:\/\/www.network-globalhealth.com\/network-globalhealth\/forpatients\/skinlesion-treatment\">Keloid-Behandlung<\/a><\/li>\n<li><a href=\"http:\/\/www.network-globalhealth.de\/network-globalhealth\/forpatients\/vita-balance\">Vita-Balance Kur (CRT)<\/a><\/li>\n<li><a href=\"http:\/\/www.network-globalhealth.de\/network-globalhealth\/forpatients\/cellulite-treatment\">Behandlung von Cellulite<\/a><\/li>\n<\/ul>\n<p>[\/et_pb_text][et_pb_text admin_label=&#8221;Text&#8221; _builder_version=&#8221;4.6.6&#8243; text_font=&#8221;||||||||&#8221; text_text_color=&#8221;#000000&#8243; link_font=&#8221;||||||||&#8221; link_text_color=&#8221;#000000&#8243; background_color=&#8221;#d3d3d3&#8243; background_size=&#8221;initial&#8221; background_position=&#8221;top_left&#8221; background_repeat=&#8221;repeat&#8221; text_orientation=&#8221;center&#8221; min_height=&#8221;0px&#8221; custom_margin=&#8221;21px|||||&#8221; custom_padding=&#8221;20px||&#8221; link_option_url=&#8221;https:\/\/www.network-globalhealth.com\/en\/lipolyse-treatment\/&#8221; border_radii=&#8221;|||3px|3px&#8221; border_width_top=&#8221;1px&#8221; border_color_top=&#8221;#ddd&#8221; border_width_right=&#8221;1px&#8221; border_color_right=&#8221;#dddddd&#8221; border_width_bottom=&#8221;1px&#8221; border_color_bottom=&#8221;#dddddd&#8221; border_width_left=&#8221;1px&#8221; border_color_left=&#8221;#dddddd&#8221; global_colors_info=&#8221;{}&#8221; background__hover_enabled=&#8221;on&#8221; background_color__hover=&#8221;#292c2f&#8221; link_text_color__hover_enabled=&#8221;on&#8221; link_text_color__hover=&#8221;#ffffff&#8221;]<b><a href=\"\/network-globalhealth\/forpatients\/lipolyse-treatment\/\">Weiter &#8230;<\/a><\/b>[\/et_pb_text][\/et_pb_column][et_pb_column type=&#8221;1_3&#8243; _builder_version=&#8221;3.25&#8243; custom_padding=&#8221;|1px|20px|1px&#8221; global_colors_info=&#8221;{}&#8221; custom_padding__hover=&#8221;|||&#8221;][et_pb_text _builder_version=&#8221;4.6.6&#8243; text_font=&#8221;||||||||&#8221; text_text_color=&#8221;rgba(0,0,0,0)&#8221; header_font=&#8221;||||||||&#8221; header_2_font=&#8221;||||||||&#8221; header_2_text_align=&#8221;center&#8221; header_2_text_color=&#8221;#333333&#8243; header_2_font_size=&#8221;21px&#8221; background_color=&#8221;#c0c0c0&#8243; custom_margin=&#8221;||0px&#8221; custom_padding=&#8221;20px||10px&#8221; border_radii=&#8221;|3px|3px||&#8221; border_width_all=&#8221;1px&#8221; border_color_all=&#8221;#ddd&#8221; global_colors_info=&#8221;{}&#8221;]<\/p>\n<h2>Arztsuche<\/h2>\n<p>[\/et_pb_text][et_pb_text admin_label=&#8221;Text&#8221; _builder_version=&#8221;4.6.6&#8243; text_font=&#8221;||||||||&#8221; text_font_size=&#8221;15px&#8221; link_font=&#8221;||||||||&#8221; link_text_color=&#8221;#000000&#8243; background_color=&#8221;#d3d3d3&#8243; background_size=&#8221;initial&#8221; background_position=&#8221;top_left&#8221; background_repeat=&#8221;repeat&#8221; custom_margin=&#8221;||0px&#8221; custom_padding=&#8221;20px|20px|0px|20px||true&#8221; border_width_right=&#8221;1px&#8221; border_color_right=&#8221;#ddd&#8221; border_color_bottom=&#8221;rgba(0,0,0,0)&#8221; border_width_left=&#8221;1px&#8221; border_color_left=&#8221;#dddddd&#8221; global_colors_info=&#8221;{}&#8221;]<\/p>\n<p>Hier k\u00f6nnen Sie nach ausgebildeten Mitgliedern in folgenden minimal invasiven \u00e4sthetischen Therapien suchen<\/p>\n<p>[\/et_pb_text][et_pb_text ul_item_indent=&#8221;40px&#8221; admin_label=&#8221;Text&#8221; _builder_version=&#8221;4.6.6&#8243; text_font=&#8221;||||||||&#8221; text_font_size=&#8221;15px&#8221; link_font=&#8221;||||||||&#8221; link_text_color=&#8221;#000000&#8243; ul_line_height=&#8221;1.9em&#8221; background_color=&#8221;#d3d3d3&#8243; background_size=&#8221;initial&#8221; background_position=&#8221;top_left&#8221; background_repeat=&#8221;repeat&#8221; min_height=&#8221;352px&#8221; custom_margin=&#8221;||0px&#8221; custom_padding=&#8221;20px|20px|0px|20px||true&#8221; border_width_right=&#8221;1px&#8221; border_color_right=&#8221;#ddd&#8221; border_width_bottom=&#8221;1px&#8221; border_color_bottom=&#8221;#ddd&#8221; border_width_left=&#8221;1px&#8221; border_color_left=&#8221;#dddddd&#8221; global_colors_info=&#8221;{}&#8221;]<\/p>\n<ul>\n<li><a href=\"\/network-globalhealth\/arztsuche\/?ntw_training-therapien=136&amp;um_search=1\">Injektions-Lipolyse (Fett-Weg-Spritze)<\/a><\/li>\n<li><a href=\"\/network-globalhealth\/arztsuche\/?ntw_training-therapien=137&amp;um_search=1\">\u00c4sthetische Mesotherapie<\/a><\/li>\n<li><a href=\"\/network-globalhealth\/arztsuche\/?ntw_training-therapien=142&amp;um_search=1\">Vita-Balance Kur (Cell-Rejuventation-Therapie)<\/a><\/li>\n<li><a href=\"\/network-globalhealth\/arztsuche\/?ntw_training-therapien=143&amp;um_search=1\">Micro Needling<\/a><\/li>\n<li><a href=\"\/network-globalhealth\/arztsuche\/?ntw_training-therapien=141&amp;um_search=1\">Hyaluron-Filler<\/a><\/li>\n<li><a href=\"\/network-globalhealth\/arztsuche\/?ntw_training-therapien=140&amp;um_search=1\">Botulinum<\/a><\/li>\n<li><a href=\"\/network-globalhealth\/arztsuche\/?ntw_training-therapien=145&amp;um_search=1\">Fadenlifting<\/a><\/li>\n<li><a href=\"\/network-globalhealth\/arztsuche\/?ntw_training-therapien=144&amp;um_search=1\">PRP &#8211; Eigenblut-Plasma-Therapie<\/a><\/li>\n<li><a href=\"\/network-globalhealth\/arztsuche\/?ntw_training-therapien=146&amp;um_search=1\">Carboxy-Therapie<\/a><\/li>\n<li><a href=\"\/network-globalhealth\/arztsuche\/?ntw_training-therapien=138&amp;um_search=1\">Cryodent (Parodontitis-Behandlung)<\/a><\/li>\n<\/ul>\n<p>[\/et_pb_text][et_pb_text admin_label=&#8221;Text&#8221; _builder_version=&#8221;4.10.7&#8243; text_font=&#8221;||||||||&#8221; text_text_color=&#8221;#000000&#8243; link_font=&#8221;||||||||&#8221; link_text_color=&#8221;#000000&#8243; background_color=&#8221;#d3d3d3&#8243; background_size=&#8221;initial&#8221; background_position=&#8221;top_left&#8221; background_repeat=&#8221;repeat&#8221; text_orientation=&#8221;center&#8221; custom_margin=&#8221;0px||&#8221; custom_padding=&#8221;20px||&#8221; link_option_url=&#8221;https:\/\/www.network-globalhealth.com\/network-globalhealth\/arztsuche-karte\/&#8221; border_radii=&#8221;|||3px|3px&#8221; border_width_top=&#8221;1px&#8221; border_color_top=&#8221;#ddd&#8221; border_width_right=&#8221;1px&#8221; border_color_right=&#8221;#dddddd&#8221; border_width_bottom=&#8221;1px&#8221; border_color_bottom=&#8221;#dddddd&#8221; border_width_left=&#8221;1px&#8221; border_color_left=&#8221;#dddddd&#8221; global_colors_info=&#8221;{}&#8221; background__hover_enabled=&#8221;on&#8221; background_color__hover=&#8221;#292c2f&#8221; link_text_color__hover_enabled=&#8221;on&#8221; link_text_color__hover=&#8221;#ffffff&#8221;]<\/p>\n<p><b><a href=\"\/network-globalhealth\/arztsuche-karte\/\">Weiter &#8230;<\/a><\/b><\/p>\n<p>[\/et_pb_text][\/et_pb_column][et_pb_column type=&#8221;1_3&#8243; _builder_version=&#8221;3.25&#8243; custom_padding=&#8221;|||1px&#8221; global_colors_info=&#8221;{}&#8221; custom_padding__hover=&#8221;|||&#8221;][et_pb_text _builder_version=&#8221;4.6.6&#8243; text_font=&#8221;||||||||&#8221; text_text_color=&#8221;rgba(0,0,0,0)&#8221; header_font=&#8221;||||||||&#8221; header_2_font=&#8221;||||||||&#8221; header_2_text_align=&#8221;center&#8221; header_2_text_color=&#8221;#333333&#8243; header_2_font_size=&#8221;21px&#8221; background_color=&#8221;#c0c0c0&#8243; custom_margin=&#8221;||0px&#8221; custom_padding=&#8221;20px||10px&#8221; border_radii=&#8221;|3px|3px||&#8221; border_width_all=&#8221;1px&#8221; border_color_all=&#8221;#ddd&#8221; global_colors_info=&#8221;{}&#8221;]<\/p>\n<h2>Produkte<\/h2>\n<p>[\/et_pb_text][et_pb_text admin_label=&#8221;Text&#8221; _builder_version=&#8221;4.6.6&#8243; text_font=&#8221;||||||||&#8221; text_font_size=&#8221;15px&#8221; link_font=&#8221;||||||||&#8221; link_text_color=&#8221;#000000&#8243; background_color=&#8221;#d3d3d3&#8243; background_size=&#8221;initial&#8221; background_position=&#8221;top_left&#8221; background_repeat=&#8221;repeat&#8221; custom_margin=&#8221;||||false|false&#8221; custom_padding=&#8221;20px|20px|0px|20px||true&#8221; border_width_right=&#8221;1px&#8221; border_color_right=&#8221;#ddd&#8221; border_color_bottom=&#8221;rgba(0,0,0,0)&#8221; border_width_left=&#8221;1px&#8221; border_color_left=&#8221;#dddddd&#8221; global_colors_info=&#8221;{}&#8221;]<\/p>\n<p>Informationen \u00fcber die Produkte zur Nachsorge, Behandlungsunterst\u00fctzung und f\u00fcr Well Aging<\/p>\n<p>[\/et_pb_text][et_pb_text ul_item_indent=&#8221;40px&#8221; admin_label=&#8221;Text&#8221; _builder_version=&#8221;4.9.1&#8243; text_font=&#8221;||||||||&#8221; text_font_size=&#8221;15px&#8221; link_font=&#8221;||||||||&#8221; link_text_color=&#8221;#000000&#8243; ul_line_height=&#8221;1.9em&#8221; background_color=&#8221;#d3d3d3&#8243; background_size=&#8221;initial&#8221; background_position=&#8221;top_left&#8221; background_repeat=&#8221;repeat&#8221; min_height=&#8221;392px&#8221; custom_margin=&#8221;||0px&#8221; custom_padding=&#8221;20px|20px|0px|20px||true&#8221; border_width_right=&#8221;1px&#8221; border_color_right=&#8221;#ddd&#8221; border_width_bottom=&#8221;1px&#8221; border_color_bottom=&#8221;#ddd&#8221; border_width_left=&#8221;1px&#8221; border_color_left=&#8221;#dddddd&#8221; global_colors_info=&#8221;{}&#8221;]<\/p>\n<ul>\n<li><a href=\"\/network-globalhealth\/forpatients\/memphosan\">MEMPHOSAN<\/a><\/li>\n<li><a href=\"\/network-globalhealth\/forpatients\/degozym\">DEGOZYM<\/a><\/li>\n<li><a href=\"\/network-globalhealth\/forpatients\/skinattitudegel\">Skin Attitude Gel<\/a><\/li>\n<li><a href=\"\/network-globalhealth\/forpatients\/skinattitudeultraschall\">Skin Attitude Ultraschall<\/a><\/li>\n<li><a href=\"\/network-globalhealth\/forpatients\/skinattitudefacemask\">Skin Attitude Gesichtsmaske<\/a><\/li>\n<\/ul>\n<p>[\/et_pb_text][et_pb_text admin_label=&#8221;Text&#8221; _builder_version=&#8221;4.6.6&#8243; text_font=&#8221;||||||||&#8221; text_text_color=&#8221;#000000&#8243; link_font=&#8221;||||||||&#8221; link_text_color=&#8221;#000000&#8243; background_color=&#8221;#d3d3d3&#8243; background_size=&#8221;initial&#8221; background_position=&#8221;top_left&#8221; background_repeat=&#8221;repeat&#8221; text_orientation=&#8221;center&#8221; min_height=&#8221;32px&#8221; custom_margin=&#8221;-16px|||||&#8221; custom_padding=&#8221;20px||0px|||&#8221; link_option_url=&#8221;https:\/\/www.network-globalhealth.com\/en\/network-globalhealth\/forpatients\/products\/&#8221; border_radii=&#8221;|||3px|3px&#8221; border_width_top=&#8221;1px&#8221; border_color_top=&#8221;#ddd&#8221; border_width_right=&#8221;1px&#8221; border_color_right=&#8221;#dddddd&#8221; border_width_bottom=&#8221;1px&#8221; border_color_bottom=&#8221;#dddddd&#8221; border_width_left=&#8221;1px&#8221; border_color_left=&#8221;#dddddd&#8221; global_colors_info=&#8221;{}&#8221; background__hover_enabled=&#8221;on&#8221; background_color__hover=&#8221;#292c2f&#8221; link_text_color__hover_enabled=&#8221;on&#8221; link_text_color__hover=&#8221;#ffffff&#8221;]<b><a href=\"\/network-globalhealth\/forpatients\/products\/\">Weiter &#8230;<\/a><\/b>[\/et_pb_text][\/et_pb_column][\/et_pb_row][\/et_pb_section]<\/p>\n","protected":false},"excerpt":{"rendered":"<p>NETWORK \u2013 GlobalhealthInformationen f\u00fcr PatientenInformationen zu TherapienHier finden Sie Informationen zu den verschiedenen, minimal invasiven Therapien: \u00c4sthetische Gesichtskomposition Injektions-Lipolyse (Fettweg-Spritze) Haut-Oberfl\u00e4chenbehandlung (Needling) Lifting ohne Skalpell (MesoLift) Fadenlifting Faltenbehandlung durch Botulinum Faltenbehandlung durch Filler Haarausfall-Behandlung (Mesotherapie) Behandlung mit PRP (Eigenblutplasma) Keloid-Behandlung Vita-Balance Kur (CRT) Behandlung von Cellulite Weiter &#8230;ArztsucheHier k\u00f6nnen Sie nach ausgebildeten Mitgliedern in folgenden [&hellip;]<\/p>\n","protected":false},"author":1,"featured_media":0,"parent":14383,"menu_order":11,"comment_status":"closed","ping_status":"closed","template":"","meta":{"_acf_changed":false,"_bbp_topic_count":0,"_bbp_reply_count":0,"_bbp_total_topic_count":0,"_bbp_total_reply_count":0,"_bbp_voice_count":0,"_bbp_anonymous_reply_count":0,"_bbp_topic_count_hidden":0,"_bbp_reply_count_hidden":0,"_bbp_forum_subforum_count":0,"_et_pb_use_builder":"on","_et_pb_old_content":"","_et_gb_content_width":"","_exactmetrics_skip_tracking":false,"_exactmetrics_sitenote_active":false,"_exactmetrics_sitenote_note":"","_exactmetrics_sitenote_category":0,"footnotes":""},"class_list":["post-18669","page","type-page","status-publish","hentry"],"acf":[],"yoast_head":"<!-- This site is optimized with the Yoast SEO Premium plugin v27.3 (Yoast SEO v27.3) - https:\/\/yoast.com\/product\/yoast-seo-premium-wordpress\/ -->\n<title>Information for Patients - NETWORK-Globalhealth<\/title>\n<meta name=\"robots\" content=\"index, follow, max-snippet:-1, max-image-preview:large, max-video-preview:-1\" \/>\n<link rel=\"canonical\" href=\"https:\/\/www.network-globalhealth.com\/en\/network-globalhealth\/forpatients\/\" \/>\n<meta property=\"og:locale\" content=\"en_US\" \/>\n<meta property=\"og:type\" content=\"article\" \/>\n<meta property=\"og:title\" content=\"Information for Patients\" \/>\n<meta property=\"og:description\" content=\"NETWORK \u2013 GlobalhealthInformationen f\u00fcr PatientenInformationen zu TherapienHier finden Sie Informationen zu den verschiedenen, minimal invasiven Therapien: \u00c4sthetische Gesichtskomposition Injektions-Lipolyse (Fettweg-Spritze) Haut-Oberfl\u00e4chenbehandlung (Needling) Lifting ohne Skalpell (MesoLift) Fadenlifting Faltenbehandlung durch Botulinum Faltenbehandlung durch Filler Haarausfall-Behandlung (Mesotherapie) Behandlung mit PRP (Eigenblutplasma) Keloid-Behandlung Vita-Balance Kur (CRT) Behandlung von Cellulite Weiter ...ArztsucheHier k\u00f6nnen Sie nach ausgebildeten Mitgliedern in folgenden [&hellip;]\" \/>\n<meta property=\"og:url\" content=\"https:\/\/www.network-globalhealth.com\/en\/network-globalhealth\/forpatients\/\" \/>\n<meta property=\"og:site_name\" content=\"NETWORK-Globalhealth\" \/>\n<meta property=\"article:modified_time\" content=\"2024-10-31T11:01:49+00:00\" \/>\n<meta name=\"twitter:card\" content=\"summary_large_image\" \/>\n<meta name=\"twitter:label1\" content=\"Est. reading time\" \/>\n\t<meta name=\"twitter:data1\" content=\"3 minutes\" \/>\n<script type=\"application\/ld+json\" class=\"yoast-schema-graph\">{\"@context\":\"https:\\\/\\\/schema.org\",\"@graph\":[{\"@type\":\"WebPage\",\"@id\":\"https:\\\/\\\/www.network-globalhealth.com\\\/en\\\/network-globalhealth\\\/forpatients\\\/\",\"url\":\"https:\\\/\\\/www.network-globalhealth.com\\\/en\\\/network-globalhealth\\\/forpatients\\\/\",\"name\":\"Information for Patients - NETWORK-Globalhealth\",\"isPartOf\":{\"@id\":\"https:\\\/\\\/www.network-globalhealth.com\\\/#website\"},\"datePublished\":\"2017-07-31T21:20:06+00:00\",\"dateModified\":\"2024-10-31T11:01:49+00:00\",\"breadcrumb\":{\"@id\":\"https:\\\/\\\/www.network-globalhealth.com\\\/en\\\/network-globalhealth\\\/forpatients\\\/#breadcrumb\"},\"inLanguage\":\"en-US\",\"potentialAction\":[{\"@type\":\"ReadAction\",\"target\":[\"https:\\\/\\\/www.network-globalhealth.com\\\/en\\\/network-globalhealth\\\/forpatients\\\/\"]}]},{\"@type\":\"BreadcrumbList\",\"@id\":\"https:\\\/\\\/www.network-globalhealth.com\\\/en\\\/network-globalhealth\\\/forpatients\\\/#breadcrumb\",\"itemListElement\":[{\"@type\":\"ListItem\",\"position\":1,\"name\":\"Startseite\",\"item\":\"https:\\\/\\\/www.network-globalhealth.com\\\/en\\\/\"},{\"@type\":\"ListItem\",\"position\":2,\"name\":\"Network Globalhealth\",\"item\":\"https:\\\/\\\/www.network-globalhealth.com\\\/en\\\/\"},{\"@type\":\"ListItem\",\"position\":3,\"name\":\"Information for Patients\"}]},{\"@type\":\"WebSite\",\"@id\":\"https:\\\/\\\/www.network-globalhealth.com\\\/#website\",\"url\":\"https:\\\/\\\/www.network-globalhealth.com\\\/\",\"name\":\"NETWORK-Globalhealth\",\"description\":\"\",\"potentialAction\":[{\"@type\":\"SearchAction\",\"target\":{\"@type\":\"EntryPoint\",\"urlTemplate\":\"https:\\\/\\\/www.network-globalhealth.com\\\/?s={search_term_string}\"},\"query-input\":{\"@type\":\"PropertyValueSpecification\",\"valueRequired\":true,\"valueName\":\"search_term_string\"}}],\"inLanguage\":\"en-US\"}]}<\/script>\n<!-- \/ Yoast SEO Premium plugin. -->","yoast_head_json":{"title":"Information for Patients - NETWORK-Globalhealth","robots":{"index":"index","follow":"follow","max-snippet":"max-snippet:-1","max-image-preview":"max-image-preview:large","max-video-preview":"max-video-preview:-1"},"canonical":"https:\/\/www.network-globalhealth.com\/en\/network-globalhealth\/forpatients\/","og_locale":"en_US","og_type":"article","og_title":"Information for Patients","og_description":"NETWORK \u2013 GlobalhealthInformationen f\u00fcr PatientenInformationen zu TherapienHier finden Sie Informationen zu den verschiedenen, minimal invasiven Therapien: \u00c4sthetische Gesichtskomposition Injektions-Lipolyse (Fettweg-Spritze) Haut-Oberfl\u00e4chenbehandlung (Needling) Lifting ohne Skalpell (MesoLift) Fadenlifting Faltenbehandlung durch Botulinum Faltenbehandlung durch Filler Haarausfall-Behandlung (Mesotherapie) Behandlung mit PRP (Eigenblutplasma) Keloid-Behandlung Vita-Balance Kur (CRT) Behandlung von Cellulite Weiter ...ArztsucheHier k\u00f6nnen Sie nach ausgebildeten Mitgliedern in folgenden [&hellip;]","og_url":"https:\/\/www.network-globalhealth.com\/en\/network-globalhealth\/forpatients\/","og_site_name":"NETWORK-Globalhealth","article_modified_time":"2024-10-31T11:01:49+00:00","twitter_card":"summary_large_image","twitter_misc":{"Est. reading time":"3 minutes"},"schema":{"@context":"https:\/\/schema.org","@graph":[{"@type":"WebPage","@id":"https:\/\/www.network-globalhealth.com\/en\/network-globalhealth\/forpatients\/","url":"https:\/\/www.network-globalhealth.com\/en\/network-globalhealth\/forpatients\/","name":"Information for Patients - NETWORK-Globalhealth","isPartOf":{"@id":"https:\/\/www.network-globalhealth.com\/#website"},"datePublished":"2017-07-31T21:20:06+00:00","dateModified":"2024-10-31T11:01:49+00:00","breadcrumb":{"@id":"https:\/\/www.network-globalhealth.com\/en\/network-globalhealth\/forpatients\/#breadcrumb"},"inLanguage":"en-US","potentialAction":[{"@type":"ReadAction","target":["https:\/\/www.network-globalhealth.com\/en\/network-globalhealth\/forpatients\/"]}]},{"@type":"BreadcrumbList","@id":"https:\/\/www.network-globalhealth.com\/en\/network-globalhealth\/forpatients\/#breadcrumb","itemListElement":[{"@type":"ListItem","position":1,"name":"Startseite","item":"https:\/\/www.network-globalhealth.com\/en\/"},{"@type":"ListItem","position":2,"name":"Network Globalhealth","item":"https:\/\/www.network-globalhealth.com\/en\/"},{"@type":"ListItem","position":3,"name":"Information for Patients"}]},{"@type":"WebSite","@id":"https:\/\/www.network-globalhealth.com\/#website","url":"https:\/\/www.network-globalhealth.com\/","name":"NETWORK-Globalhealth","description":"","potentialAction":[{"@type":"SearchAction","target":{"@type":"EntryPoint","urlTemplate":"https:\/\/www.network-globalhealth.com\/?s={search_term_string}"},"query-input":{"@type":"PropertyValueSpecification","valueRequired":true,"valueName":"search_term_string"}}],"inLanguage":"en-US"}]}},"_links":{"self":[{"href":"https:\/\/www.network-globalhealth.com\/en\/wp-json\/wp\/v2\/pages\/18669","targetHints":{"allow":["GET"]}}],"collection":[{"href":"https:\/\/www.network-globalhealth.com\/en\/wp-json\/wp\/v2\/pages"}],"about":[{"href":"https:\/\/www.network-globalhealth.com\/en\/wp-json\/wp\/v2\/types\/page"}],"author":[{"embeddable":true,"href":"https:\/\/www.network-globalhealth.com\/en\/wp-json\/wp\/v2\/users\/1"}],"replies":[{"embeddable":true,"href":"https:\/\/www.network-globalhealth.com\/en\/wp-json\/wp\/v2\/comments?post=18669"}],"version-history":[{"count":10,"href":"https:\/\/www.network-globalhealth.com\/en\/wp-json\/wp\/v2\/pages\/18669\/revisions"}],"predecessor-version":[{"id":25717,"href":"https:\/\/www.network-globalhealth.com\/en\/wp-json\/wp\/v2\/pages\/18669\/revisions\/25717"}],"up":[{"embeddable":true,"href":"https:\/\/www.network-globalhealth.com\/en\/wp-json\/wp\/v2\/pages\/14383"}],"wp:attachment":[{"href":"https:\/\/www.network-globalhealth.com\/en\/wp-json\/wp\/v2\/media?parent=18669"}],"curies":[{"name":"wp","href":"https:\/\/api.w.org\/{rel}","templated":true}]}}