{"id":16918,"date":"2017-08-06T08:44:27","date_gmt":"2017-08-06T08:44:27","guid":{"rendered":"https:\/\/www.network-globalhealth.com\/skinattitudegel\/"},"modified":"2023-12-21T09:17:54","modified_gmt":"2023-12-21T09:17:54","slug":"skinattitudegel","status":"publish","type":"page","link":"https:\/\/www.network-globalhealth.com\/en\/network-globalhealth\/forpatients\/skinattitudegel\/","title":{"rendered":"Skin Attitude Gel"},"content":{"rendered":"<p>[et_pb_section fb_built=&#8221;1&#8243; admin_label=&#8221;Jumbotron&#8221; _builder_version=&#8221;4.16&#8243; background_color=&#8221;#d3d3d3&#8243; custom_padding=&#8221;20px||0px|||&#8221; global_colors_info=&#8221;{}&#8221;][et_pb_row column_structure=&#8221;3_4,1_4&#8243; module_class=&#8221;jumbotron&#8221; _builder_version=&#8221;4.16&#8243; background_color=&#8221;#292c2f&#8221; module_alignment=&#8221;center&#8221; custom_padding=&#8221;48px|60px|48px|60px|true|true&#8221; border_radii=&#8221;on|6px|6px|6px|6px&#8221; global_colors_info=&#8221;{}&#8221;][et_pb_column type=&#8221;3_4&#8243; _builder_version=&#8221;4.16&#8243; custom_padding=&#8221;|||&#8221; global_colors_info=&#8221;{}&#8221; custom_padding__hover=&#8221;|||&#8221;][et_pb_text admin_label=&#8221;NETWORK &#8211; Globalhealth&#8221; _builder_version=&#8221;4.16&#8243; header_font=&#8221;||||||||&#8221; header_2_font=&#8221;||||||||&#8221; header_2_text_color=&#8221;#ffffff&#8221; header_2_font_size=&#8221;30px&#8221; header_3_font=&#8221;||||||||&#8221; header_3_text_color=&#8221;#ffffff&#8221; custom_margin=&#8221;20px||10px|&#8221; custom_padding=&#8221;|||&#8221; global_colors_info=&#8221;{}&#8221;]<\/p>\n<h2>NETWORK &#8211; Globalhealth<\/h2>\n<p>[\/et_pb_text][et_pb_text admin_label=&#8221;info&#8221; _builder_version=&#8221;4.17.5&#8243; header_2_text_color=&#8221;#ffffff&#8221; header_2_font_size=&#8221;30px&#8221; header_3_text_color=&#8221;#ffffff&#8221; custom_margin=&#8221;10px||10px|&#8221; global_colors_info=&#8221;{}&#8221;]<\/p>\n<h3>Information for Patients<\/h3>\n<p>[\/et_pb_text][\/et_pb_column][et_pb_column type=&#8221;1_4&#8243; _builder_version=&#8221;4.16&#8243; custom_padding=&#8221;|||&#8221; global_colors_info=&#8221;{}&#8221; custom_padding__hover=&#8221;|||&#8221;][et_pb_image src=&#8221;https:\/\/www.network-globalhealth.com\/wp-content\/uploads\/2018\/09\/jt-globe.png&#8221; align=&#8221;right&#8221; align_tablet=&#8221;center&#8221; align_phone=&#8221;&#8221; align_last_edited=&#8221;on|desktop&#8221; _builder_version=&#8221;4.16&#8243; max_width=&#8221;160px&#8221; global_colors_info=&#8221;{}&#8221;][\/et_pb_image][\/et_pb_column][\/et_pb_row][et_pb_row _builder_version=&#8221;4.16&#8243; custom_margin=&#8221;0px|||&#8221; custom_padding=&#8221;10px|||&#8221; global_colors_info=&#8221;{}&#8221;][et_pb_column type=&#8221;4_4&#8243; _builder_version=&#8221;4.16&#8243; custom_padding=&#8221;|||&#8221; global_colors_info=&#8221;{}&#8221; custom_padding__hover=&#8221;|||&#8221;][et_pb_dcsbcm_divi_breadcrumbs_module hide_homebreadcrumb=&#8221;on&#8221; hide_currentbreadcrumb=&#8221;off&#8221; _builder_version=&#8221;4.16&#8243; fontsbreadcrumblinks_text_color=&#8221;#000000&#8243; fontsbreadcrumblinks_font_size_tablet=&#8221;51&#8243; fontsbreadcrumblinks_line_height_tablet=&#8221;2&#8243; custom_css_before=&#8221;content: \u2302;&#8221; global_colors_info=&#8221;{}&#8221; fontsbreadcrumbs_font_size_tablet=&#8221;51&#8243; fontsbreadcrumbs_line_height_tablet=&#8221;2&#8243; fontsseperator_font_size_tablet=&#8221;51&#8243; fontsseperator_line_height_tablet=&#8221;2&#8243;][\/et_pb_dcsbcm_divi_breadcrumbs_module][\/et_pb_column][\/et_pb_row][\/et_pb_section][et_pb_section fb_built=&#8221;1&#8243; _builder_version=&#8221;4.16&#8243; background_color=&#8221;#d3d3d3&#8243; custom_padding=&#8221;0|0px|54px|0px|false|false&#8221; global_colors_info=&#8221;{}&#8221;][et_pb_row column_structure=&#8221;1_3,2_3&#8243; use_custom_gutter=&#8221;on&#8221; custom_padding_last_edited=&#8221;on|phone&#8221; _builder_version=&#8221;4.16&#8243; module_alignment=&#8221;center&#8221; custom_padding_tablet=&#8221;&#8221; custom_padding_phone=&#8221;0px|||&#8221; global_colors_info=&#8221;{}&#8221;][et_pb_column type=&#8221;1_3&#8243; _builder_version=&#8221;4.16&#8243; custom_padding=&#8221;|||&#8221; global_colors_info=&#8221;{}&#8221; custom_padding__hover=&#8221;|||&#8221;][et_pb_sidebar area=&#8221;et_pb_widget_area_16&#8243; show_border=&#8221;off&#8221; disabled_on=&#8221;on|on|off&#8221; _builder_version=&#8221;4.16&#8243; custom_margin=&#8221;||||false|false&#8221; custom_padding=&#8221;|||10px|false|false&#8221; global_colors_info=&#8221;{}&#8221;][\/et_pb_sidebar][\/et_pb_column][et_pb_column type=&#8221;2_3&#8243; _builder_version=&#8221;4.16&#8243; custom_padding=&#8221;|||30px|false|false&#8221; custom_padding_tablet=&#8221;|||0px|false|false&#8221; custom_padding_phone=&#8221;|||0px|false|false&#8221; custom_padding_last_edited=&#8221;on|phone&#8221; global_colors_info=&#8221;{}&#8221; custom_padding__hover=&#8221;|||&#8221;][et_pb_text _builder_version=&#8221;4.23&#8243; header_font=&#8221;|600|||||||&#8221; header_font_size=&#8221;28px&#8221; custom_margin=&#8221;10px||&#8221; hover_enabled=&#8221;0&#8243; global_colors_info=&#8221;{}&#8221; sticky_enabled=&#8221;0&#8243;]<\/p>\n<h1><span class=\"topic23\"><img loading=\"lazy\" decoding=\"async\" src=\"https:\/\/www.network-globalhealth.com\/wp-content\/uploads\/2020\/06\/gel_2021-300x300.png\" width=\"300\" height=\"300\" alt=\"SkinAttitude After Care Gel 100 ml\" class=\"wp-image-14351 alignright size-medium\" \/><\/span><\/h1>\n<h1>Skin Attitude Gel<\/h1>\n<h3>Cooling Ultrasound gel that promotes blood circulation<\/h3>\n<p>[\/et_pb_text][et_pb_text ul_item_indent=&#8221;40px&#8221; _builder_version=&#8221;4.17.4&#8243; text_font_size=&#8221;16px&#8221; custom_margin=&#8221;10px||&#8221; global_colors_info=&#8221;{}&#8221;]This gel, which can also be combined with a small ultrasound, with the ingredients caffeine, aloe vera, arnica extract and menthol, was developed to reduce the side effects of many therapies used for the body. It is pleasantly cooling and has a local anti-inflammatory effect. Our dermatologists have made sure that it does not contain parabens (controversial preservatives). The gel has been assessed by Dermatest and its skin compatibility rated as  <b><i>&#8216;very good&#8217;<\/i><\/b>. It reduces local redness, itching, burning, pain and swelling.<\/p>\n<p>Because of the menthol it contains, it should not be used on the face. For this we have developed our <a href=\"https:\/\/www.network-globalhealth.com\/en\/network-globalhealth\/forpatients\/skinattitudefacemask\/\">face mask<\/a>. On the body, it can be used very well for many treatments. It was originally developed for injection lipolysis, but because of its very good acceptance by patients, it is increasingly used in other therapies such as laser treatments, ultrasound treatments, cryolipolysis, radiofrequency, needling or mesotherapy of the d\u00e9collet\u00e9. Radiofrequency, needling or mesotherapy of the d\u00e9collet\u00e9.<\/p>\n<p>In addition to aesthetic treatments, it should be part of every first-aid kit if you intend to travel to southern countries, because it has a very beneficial effect once you have contracted a sunburn. It is also used by many patients for muscle or joint complaints after sporting activities.<\/p>\n<p>Our products can be obtained from our NETWORK doctors or via our <a href=\"https:\/\/www.network-globalhealth.com\/en\/produkt-kategorie\/mixtures-and-substances\/pain-and-side-effect-management\/\" title=\"Pain- &amp; Side-Effect Management\"><strong>Online-Shop<\/strong><\/a>.[\/et_pb_text][\/et_pb_column][\/et_pb_row][et_pb_row custom_padding_last_edited=&#8221;on|phone&#8221; _builder_version=&#8221;4.16&#8243; module_alignment=&#8221;center&#8221; custom_padding_tablet=&#8221;&#8221; custom_padding_phone=&#8221;0px|||&#8221; global_colors_info=&#8221;{}&#8221;][et_pb_column type=&#8221;4_4&#8243; _builder_version=&#8221;4.16&#8243; custom_padding=&#8221;|||&#8221; global_colors_info=&#8221;{}&#8221; custom_padding__hover=&#8221;|||&#8221;][et_pb_sidebar area=&#8221;et_pb_widget_area_16&#8243; show_border=&#8221;off&#8221; disabled_on=&#8221;off|off|on&#8221; module_id=&#8221;Netzwerke&#8221; _builder_version=&#8221;4.16&#8243; global_colors_info=&#8221;{}&#8221;][\/et_pb_sidebar][\/et_pb_column][\/et_pb_row][\/et_pb_section]<\/p>\n","protected":false},"excerpt":{"rendered":"<p>NETWORK &#8211; Globalhealth Information for Patients Skin Attitude Gel Cooling Ultrasound gel that promotes blood circulationThis gel, which can also be combined with a small ultrasound, with the ingredients caffeine, aloe vera, arnica extract and menthol, was developed to reduce the side effects of many therapies used for the body. It is pleasantly cooling and [&hellip;]<\/p>\n","protected":false},"author":1,"featured_media":0,"parent":18669,"menu_order":18,"comment_status":"closed","ping_status":"closed","template":"","meta":{"_acf_changed":false,"_bbp_topic_count":0,"_bbp_reply_count":0,"_bbp_total_topic_count":0,"_bbp_total_reply_count":0,"_bbp_voice_count":0,"_bbp_anonymous_reply_count":0,"_bbp_topic_count_hidden":0,"_bbp_reply_count_hidden":0,"_bbp_forum_subforum_count":0,"_et_pb_use_builder":"on","_et_pb_old_content":"","_et_gb_content_width":"","_exactmetrics_skip_tracking":false,"_exactmetrics_sitenote_active":false,"_exactmetrics_sitenote_note":"","_exactmetrics_sitenote_category":0,"footnotes":""},"class_list":["post-16918","page","type-page","status-publish","hentry"],"acf":[],"yoast_head":"<!-- This site is optimized with the Yoast SEO Premium plugin v27.3 (Yoast SEO v27.3) - https:\/\/yoast.com\/product\/yoast-seo-premium-wordpress\/ -->\n<title>Skin Attitude Gel - NETWORK-Globalhealth<\/title>\n<meta name=\"robots\" content=\"index, follow, max-snippet:-1, max-image-preview:large, max-video-preview:-1\" \/>\n<link rel=\"canonical\" href=\"https:\/\/www.network-globalhealth.com\/en\/network-globalhealth\/forpatients\/skinattitudegel\/\" \/>\n<meta property=\"og:locale\" content=\"en_US\" \/>\n<meta property=\"og:type\" content=\"article\" \/>\n<meta property=\"og:title\" content=\"Skin Attitude Gel\" \/>\n<meta property=\"og:description\" content=\"NETWORK - Globalhealth Information for Patients Skin Attitude Gel Cooling Ultrasound gel that promotes blood circulationThis gel, which can also be combined with a small ultrasound, with the ingredients caffeine, aloe vera, arnica extract and menthol, was developed to reduce the side effects of many therapies used for the body. It is pleasantly cooling and [&hellip;]\" \/>\n<meta property=\"og:url\" content=\"https:\/\/www.network-globalhealth.com\/en\/network-globalhealth\/forpatients\/skinattitudegel\/\" \/>\n<meta property=\"og:site_name\" content=\"NETWORK-Globalhealth\" \/>\n<meta property=\"article:modified_time\" content=\"2023-12-21T09:17:54+00:00\" \/>\n<meta property=\"og:image\" content=\"https:\/\/www.network-globalhealth.com\/wp-content\/uploads\/2020\/06\/gel_2021-300x300.png\" \/>\n<meta name=\"twitter:card\" content=\"summary_large_image\" \/>\n<meta name=\"twitter:label1\" content=\"Est. reading time\" \/>\n\t<meta name=\"twitter:data1\" content=\"4 minutes\" \/>\n<script type=\"application\/ld+json\" class=\"yoast-schema-graph\">{\"@context\":\"https:\\\/\\\/schema.org\",\"@graph\":[{\"@type\":\"WebPage\",\"@id\":\"https:\\\/\\\/www.network-globalhealth.com\\\/en\\\/network-globalhealth\\\/forpatients\\\/skinattitudegel\\\/\",\"url\":\"https:\\\/\\\/www.network-globalhealth.com\\\/en\\\/network-globalhealth\\\/forpatients\\\/skinattitudegel\\\/\",\"name\":\"Skin Attitude Gel - NETWORK-Globalhealth\",\"isPartOf\":{\"@id\":\"https:\\\/\\\/www.network-globalhealth.com\\\/#website\"},\"primaryImageOfPage\":{\"@id\":\"https:\\\/\\\/www.network-globalhealth.com\\\/en\\\/network-globalhealth\\\/forpatients\\\/skinattitudegel\\\/#primaryimage\"},\"image\":{\"@id\":\"https:\\\/\\\/www.network-globalhealth.com\\\/en\\\/network-globalhealth\\\/forpatients\\\/skinattitudegel\\\/#primaryimage\"},\"thumbnailUrl\":\"https:\\\/\\\/www.network-globalhealth.com\\\/wp-content\\\/uploads\\\/2020\\\/06\\\/gel_2021-300x300.png\",\"datePublished\":\"2017-08-06T08:44:27+00:00\",\"dateModified\":\"2023-12-21T09:17:54+00:00\",\"breadcrumb\":{\"@id\":\"https:\\\/\\\/www.network-globalhealth.com\\\/en\\\/network-globalhealth\\\/forpatients\\\/skinattitudegel\\\/#breadcrumb\"},\"inLanguage\":\"en-US\",\"potentialAction\":[{\"@type\":\"ReadAction\",\"target\":[\"https:\\\/\\\/www.network-globalhealth.com\\\/en\\\/network-globalhealth\\\/forpatients\\\/skinattitudegel\\\/\"]}]},{\"@type\":\"ImageObject\",\"inLanguage\":\"en-US\",\"@id\":\"https:\\\/\\\/www.network-globalhealth.com\\\/en\\\/network-globalhealth\\\/forpatients\\\/skinattitudegel\\\/#primaryimage\",\"url\":\"https:\\\/\\\/www.network-globalhealth.com\\\/wp-content\\\/uploads\\\/2020\\\/06\\\/gel_2021-300x300.png\",\"contentUrl\":\"https:\\\/\\\/www.network-globalhealth.com\\\/wp-content\\\/uploads\\\/2020\\\/06\\\/gel_2021-300x300.png\"},{\"@type\":\"BreadcrumbList\",\"@id\":\"https:\\\/\\\/www.network-globalhealth.com\\\/en\\\/network-globalhealth\\\/forpatients\\\/skinattitudegel\\\/#breadcrumb\",\"itemListElement\":[{\"@type\":\"ListItem\",\"position\":1,\"name\":\"Startseite\",\"item\":\"https:\\\/\\\/www.network-globalhealth.com\\\/en\\\/\"},{\"@type\":\"ListItem\",\"position\":2,\"name\":\"Network Globalhealth\",\"item\":\"https:\\\/\\\/www.network-globalhealth.com\\\/en\\\/\"},{\"@type\":\"ListItem\",\"position\":3,\"name\":\"Information for Patients\",\"item\":\"https:\\\/\\\/www.network-globalhealth.com\\\/en\\\/network-globalhealth\\\/forpatients\\\/\"},{\"@type\":\"ListItem\",\"position\":4,\"name\":\"Skin Attitude Gel\"}]},{\"@type\":\"WebSite\",\"@id\":\"https:\\\/\\\/www.network-globalhealth.com\\\/#website\",\"url\":\"https:\\\/\\\/www.network-globalhealth.com\\\/\",\"name\":\"NETWORK-Globalhealth\",\"description\":\"\",\"potentialAction\":[{\"@type\":\"SearchAction\",\"target\":{\"@type\":\"EntryPoint\",\"urlTemplate\":\"https:\\\/\\\/www.network-globalhealth.com\\\/?s={search_term_string}\"},\"query-input\":{\"@type\":\"PropertyValueSpecification\",\"valueRequired\":true,\"valueName\":\"search_term_string\"}}],\"inLanguage\":\"en-US\"}]}<\/script>\n<!-- \/ Yoast SEO Premium plugin. -->","yoast_head_json":{"title":"Skin Attitude Gel - NETWORK-Globalhealth","robots":{"index":"index","follow":"follow","max-snippet":"max-snippet:-1","max-image-preview":"max-image-preview:large","max-video-preview":"max-video-preview:-1"},"canonical":"https:\/\/www.network-globalhealth.com\/en\/network-globalhealth\/forpatients\/skinattitudegel\/","og_locale":"en_US","og_type":"article","og_title":"Skin Attitude Gel","og_description":"NETWORK - Globalhealth Information for Patients Skin Attitude Gel Cooling Ultrasound gel that promotes blood circulationThis gel, which can also be combined with a small ultrasound, with the ingredients caffeine, aloe vera, arnica extract and menthol, was developed to reduce the side effects of many therapies used for the body. It is pleasantly cooling and [&hellip;]","og_url":"https:\/\/www.network-globalhealth.com\/en\/network-globalhealth\/forpatients\/skinattitudegel\/","og_site_name":"NETWORK-Globalhealth","article_modified_time":"2023-12-21T09:17:54+00:00","og_image":[{"url":"https:\/\/www.network-globalhealth.com\/wp-content\/uploads\/2020\/06\/gel_2021-300x300.png","type":"","width":"","height":""}],"twitter_card":"summary_large_image","twitter_misc":{"Est. reading time":"4 minutes"},"schema":{"@context":"https:\/\/schema.org","@graph":[{"@type":"WebPage","@id":"https:\/\/www.network-globalhealth.com\/en\/network-globalhealth\/forpatients\/skinattitudegel\/","url":"https:\/\/www.network-globalhealth.com\/en\/network-globalhealth\/forpatients\/skinattitudegel\/","name":"Skin Attitude Gel - NETWORK-Globalhealth","isPartOf":{"@id":"https:\/\/www.network-globalhealth.com\/#website"},"primaryImageOfPage":{"@id":"https:\/\/www.network-globalhealth.com\/en\/network-globalhealth\/forpatients\/skinattitudegel\/#primaryimage"},"image":{"@id":"https:\/\/www.network-globalhealth.com\/en\/network-globalhealth\/forpatients\/skinattitudegel\/#primaryimage"},"thumbnailUrl":"https:\/\/www.network-globalhealth.com\/wp-content\/uploads\/2020\/06\/gel_2021-300x300.png","datePublished":"2017-08-06T08:44:27+00:00","dateModified":"2023-12-21T09:17:54+00:00","breadcrumb":{"@id":"https:\/\/www.network-globalhealth.com\/en\/network-globalhealth\/forpatients\/skinattitudegel\/#breadcrumb"},"inLanguage":"en-US","potentialAction":[{"@type":"ReadAction","target":["https:\/\/www.network-globalhealth.com\/en\/network-globalhealth\/forpatients\/skinattitudegel\/"]}]},{"@type":"ImageObject","inLanguage":"en-US","@id":"https:\/\/www.network-globalhealth.com\/en\/network-globalhealth\/forpatients\/skinattitudegel\/#primaryimage","url":"https:\/\/www.network-globalhealth.com\/wp-content\/uploads\/2020\/06\/gel_2021-300x300.png","contentUrl":"https:\/\/www.network-globalhealth.com\/wp-content\/uploads\/2020\/06\/gel_2021-300x300.png"},{"@type":"BreadcrumbList","@id":"https:\/\/www.network-globalhealth.com\/en\/network-globalhealth\/forpatients\/skinattitudegel\/#breadcrumb","itemListElement":[{"@type":"ListItem","position":1,"name":"Startseite","item":"https:\/\/www.network-globalhealth.com\/en\/"},{"@type":"ListItem","position":2,"name":"Network Globalhealth","item":"https:\/\/www.network-globalhealth.com\/en\/"},{"@type":"ListItem","position":3,"name":"Information for Patients","item":"https:\/\/www.network-globalhealth.com\/en\/network-globalhealth\/forpatients\/"},{"@type":"ListItem","position":4,"name":"Skin Attitude Gel"}]},{"@type":"WebSite","@id":"https:\/\/www.network-globalhealth.com\/#website","url":"https:\/\/www.network-globalhealth.com\/","name":"NETWORK-Globalhealth","description":"","potentialAction":[{"@type":"SearchAction","target":{"@type":"EntryPoint","urlTemplate":"https:\/\/www.network-globalhealth.com\/?s={search_term_string}"},"query-input":{"@type":"PropertyValueSpecification","valueRequired":true,"valueName":"search_term_string"}}],"inLanguage":"en-US"}]}},"_links":{"self":[{"href":"https:\/\/www.network-globalhealth.com\/en\/wp-json\/wp\/v2\/pages\/16918","targetHints":{"allow":["GET"]}}],"collection":[{"href":"https:\/\/www.network-globalhealth.com\/en\/wp-json\/wp\/v2\/pages"}],"about":[{"href":"https:\/\/www.network-globalhealth.com\/en\/wp-json\/wp\/v2\/types\/page"}],"author":[{"embeddable":true,"href":"https:\/\/www.network-globalhealth.com\/en\/wp-json\/wp\/v2\/users\/1"}],"replies":[{"embeddable":true,"href":"https:\/\/www.network-globalhealth.com\/en\/wp-json\/wp\/v2\/comments?post=16918"}],"version-history":[{"count":6,"href":"https:\/\/www.network-globalhealth.com\/en\/wp-json\/wp\/v2\/pages\/16918\/revisions"}],"predecessor-version":[{"id":22453,"href":"https:\/\/www.network-globalhealth.com\/en\/wp-json\/wp\/v2\/pages\/16918\/revisions\/22453"}],"up":[{"embeddable":true,"href":"https:\/\/www.network-globalhealth.com\/en\/wp-json\/wp\/v2\/pages\/18669"}],"wp:attachment":[{"href":"https:\/\/www.network-globalhealth.com\/en\/wp-json\/wp\/v2\/media?parent=16918"}],"curies":[{"name":"wp","href":"https:\/\/api.w.org\/{rel}","templated":true}]}}