{"id":16282,"date":"2017-07-30T15:34:35","date_gmt":"2017-07-30T15:34:35","guid":{"rendered":"https:\/\/www.network-globalhealth.com\/masterconference-academy\/"},"modified":"2025-11-07T15:23:57","modified_gmt":"2025-11-07T15:23:57","slug":"masterconference-academy","status":"publish","type":"page","link":"https:\/\/www.network-globalhealth.com\/en\/network-globalhealth\/forphysicians\/masterconference-academy\/","title":{"rendered":"M.A.S.T.E.R.-Conference"},"content":{"rendered":"<p>[et_pb_section fb_built=&#8221;1&#8243; _builder_version=&#8221;4.16&#8243; background_color=&#8221;#d3d3d3&#8243; custom_padding=&#8221;20px||0||false|false&#8221; global_colors_info=&#8221;{}&#8221;][et_pb_row column_structure=&#8221;3_4,1_4&#8243; module_class=&#8221;jumbotron&#8221; _builder_version=&#8221;4.16&#8243; background_color=&#8221;#292c2f&#8221; module_alignment=&#8221;center&#8221; custom_padding=&#8221;48px|60px|48px|60px|true|true&#8221; border_radii=&#8221;on|6px|6px|6px|6px&#8221; global_colors_info=&#8221;{}&#8221;][et_pb_column type=&#8221;3_4&#8243; _builder_version=&#8221;4.16&#8243; custom_padding=&#8221;|||&#8221; global_colors_info=&#8221;{}&#8221; custom_padding__hover=&#8221;|||&#8221;][et_pb_text admin_label=&#8221;NETWORK &#8211; Globalhealth&#8221; _builder_version=&#8221;4.16&#8243; header_font=&#8221;||||||||&#8221; header_2_font=&#8221;||||||||&#8221; header_2_text_color=&#8221;#ffffff&#8221; header_2_font_size=&#8221;30px&#8221; header_3_font=&#8221;||||||||&#8221; header_3_text_color=&#8221;#ffffff&#8221; custom_margin=&#8221;20px||10px|&#8221; custom_padding=&#8221;|||&#8221; global_colors_info=&#8221;{}&#8221;]<\/p>\n<h2>NETWORK &#8211; Globalhealth<\/h2>\n<p>[\/et_pb_text][et_pb_text admin_label=&#8221;info&#8221; _builder_version=&#8221;4.16&#8243; header_font=&#8221;||||||||&#8221; header_2_font=&#8221;||||||||&#8221; header_2_text_color=&#8221;#ffffff&#8221; header_2_font_size=&#8221;30px&#8221; header_3_font=&#8221;||||||||&#8221; header_3_text_color=&#8221;#ffffff&#8221; custom_margin=&#8221;10px||10px|&#8221; global_colors_info=&#8221;{}&#8221;]<\/p>\n<h3>Informationen f\u00fcr \u00c4rzte<br \/> Fortbildungen der Globalhealth Akademie<\/h3>\n<p>[\/et_pb_text][\/et_pb_column][et_pb_column type=&#8221;1_4&#8243; _builder_version=&#8221;4.16&#8243; custom_padding=&#8221;|||&#8221; global_colors_info=&#8221;{}&#8221; custom_padding__hover=&#8221;|||&#8221;][et_pb_image src=&#8221;https:\/\/www.network-globalhealth.com\/wp-content\/uploads\/2018\/09\/jt-globe.png&#8221; align=&#8221;right&#8221; align_tablet=&#8221;center&#8221; align_phone=&#8221;&#8221; align_last_edited=&#8221;on|desktop&#8221; _builder_version=&#8221;4.16&#8243; max_width=&#8221;160px&#8221; global_colors_info=&#8221;{}&#8221;][\/et_pb_image][\/et_pb_column][\/et_pb_row][et_pb_row _builder_version=&#8221;4.27.4&#8243; custom_margin=&#8221;0px|||&#8221; custom_padding=&#8221;10px||0px||false|false&#8221; global_colors_info=&#8221;{}&#8221;][et_pb_column type=&#8221;4_4&#8243; _builder_version=&#8221;4.16&#8243; custom_padding=&#8221;|||&#8221; global_colors_info=&#8221;{}&#8221; custom_padding__hover=&#8221;|||&#8221;][et_pb_dcsbcm_divi_breadcrumbs_module hide_homebreadcrumb=&#8221;on&#8221; hide_currentbreadcrumb=&#8221;off&#8221; computed_field_html_payload=&#8221;<\/p>\n<div class=%22dcsbcm_divi_breadcrumbs%22 xmlns:v=%22http:\/\/rdf.data-vocabulary.org\/#%22><span class=%22dcsbcm_divi_breadcrumb%22 typeof=%22v:Breadcrumb%22><a rel=%22v:url%22 property=%22v:title%22 href=%22https:\/\/www.network-globalhealth.com\/network-globalhealth\/%22>Network Globalhealth<\/a><\/span><span class=%22dcsbcm_separator%22> \u00bb <\/span><span class=%22dcsbcm_divi_breadcrumb%22 typeof=%22v:Breadcrumb%22><a rel=%22v:url%22 property=%22v:title%22 href=%22https:\/\/www.network-globalhealth.com\/network-globalhealth\/netzwerk-extended-medicine\/%22>NETZWERK Extended Medicine<\/a><\/span><span class=%22dcsbcm_separator%22> \u00bb <\/span><span class=%22dcsbcm_divi_breadcrumb%22 typeof=%22v:Breadcrumb%22><a rel=%22v:url%22 property=%22v:title%22 href=%22https:\/\/www.network-globalhealth.com\/network-globalhealth\/netzwerk-extended-medicine\/forphysicians\/%22>Informationen f\u00fcr \u00c4rzte<\/a><\/span><span class=%22dcsbcm_separator%22> \u00bb <\/span><span class=%22dcsbcm_divi_breadcrumb%22 typeof=%22v:Breadcrumb%22><a rel=%22v:url%22 property=%22v:title%22 href=%22https:\/\/www.network-globalhealth.com\/network-globalhealth\/netzwerk-extended-medicine\/forphysicians\/fachbereiche\/%22>Fachbereiche<\/a><\/span><span class=%22dcsbcm_separator%22> \u00bb <\/span><span class=%22dcsbcm_divi_breadcrumb dcsbcm_divi_breadcrumb-active%22>Anti Aging<\/span><\/div>\n<p>&#8221; _builder_version=&#8221;4.16&#8243; fontsbreadcrumblinks_text_color=&#8221;#000000&#8243; fontsbreadcrumblinks_font_size_tablet=&#8221;51&#8243; fontsbreadcrumblinks_line_height_tablet=&#8221;2&#8243; custom_css_before=&#8221;content: \u2302;&#8221; global_colors_info=&#8221;{}&#8221; fontsbreadcrumbs_font_size_tablet=&#8221;51&#8243; fontsbreadcrumbs_line_height_tablet=&#8221;2&#8243; fontsseperator_font_size_tablet=&#8221;51&#8243; fontsseperator_line_height_tablet=&#8221;2&#8243;][\/et_pb_dcsbcm_divi_breadcrumbs_module][\/et_pb_column][\/et_pb_row][\/et_pb_section][et_pb_section fb_built=&#8221;1&#8243; _builder_version=&#8221;4.16&#8243; background_color=&#8221;#d3d3d3&#8243; custom_padding=&#8221;0|0px|54px|0px|false|false&#8221; global_colors_info=&#8221;{}&#8221;][et_pb_row column_structure=&#8221;1_3,2_3&#8243; custom_padding_last_edited=&#8221;off|desktop&#8221; _builder_version=&#8221;4.27.4&#8243; module_alignment=&#8221;center&#8221; custom_margin=&#8221;0px||||false|false&#8221; custom_padding=&#8221;0px||||false|false&#8221; custom_padding_tablet=&#8221;0px|||&#8221; global_colors_info=&#8221;{}&#8221;][et_pb_column type=&#8221;1_3&#8243; _builder_version=&#8221;4.16&#8243; custom_padding=&#8221;|||&#8221; global_colors_info=&#8221;{}&#8221; custom_padding__hover=&#8221;|||&#8221;][et_pb_sidebar area=&#8221;et_pb_widget_area_19&#8243; show_border=&#8221;off&#8221; disabled_on=&#8221;on|on|off&#8221; module_class=&#8221;ngh-ctm-sideBarMenu sideBarMenuItem&#8221; _builder_version=&#8221;4.16&#8243; header_font=&#8221;||||||||&#8221; body_font=&#8221;||||||||&#8221; global_colors_info=&#8221;{}&#8221;][\/et_pb_sidebar][\/et_pb_column][et_pb_column type=&#8221;2_3&#8243; _builder_version=&#8221;4.16&#8243; custom_padding=&#8221;|||30px&#8221; global_colors_info=&#8221;{}&#8221; custom_padding__hover=&#8221;|||&#8221;][et_pb_text _builder_version=&#8221;4.16&#8243; text_text_color=&#8221;#005b8d&#8221; text_font_size=&#8221;20px&#8221; text_line_height=&#8221;1.4em&#8221; header_font=&#8221;|600|||||||&#8221; header_font_size=&#8221;24px&#8221; header_3_font_size=&#8221;20px&#8221; custom_margin=&#8221;10px||&#8221; custom_padding=&#8221;||&#8221; global_colors_info=&#8221;{}&#8221;]<\/p>\n<h1><span class=\"topic23\"><img loading=\"lazy\" decoding=\"async\" width=\"150\" height=\"150\" src=\"\/wp-content\/images\/academy\/MASTER_Conference.jpg\" alt=\"\" class=\"size-medium alignnone\" style=\"float: right; margin-left: 5px; margin-bottom: 5px;\" \/><\/span><\/h1>\n<h1>M.A.S.T.E.R.-Conference<\/h1>\n<h3><span style=\"color: #b30000;\">M<\/span>inimal invasive <span style=\"color: #b30000;\">A<\/span>esthetic <span style=\"color: #b30000;\">S<\/span>tandardized <span style=\"color: #b30000;\">T<\/span>herapies for <span style=\"color: #b30000;\">E<\/span>xcellent <span style=\"color: #b30000;\">R<\/span>esults<\/h3>\n<p>[\/et_pb_text][et_pb_text ul_item_indent=&#8221;40px&#8221; ol_position=&#8221;outside&#8221; ol_item_indent=&#8221;40px&#8221; _builder_version=&#8221;4.26.1&#8243; custom_margin=&#8221;10px||&#8221; custom_padding=&#8221;||&#8221; global_colors_info=&#8221;{}&#8221;]<\/p>\n<p>Das Netzwerk richtet in mehrj\u00e4hrigen Intervallen einen umfangreichen Kongress aus: die M.A.S.T.E.R.-Conference.<br \/>\nStatt unz\u00e4hliger, wenig aussagekr\u00e4ftiger 5 Minuten Vortr\u00e4ge verfolgen wir eine andere Konzeption: Nur Vortr\u00e4ge, die innovative Inhalte vermitteln, schaffen es \u00fcberhaupt ins Tagesprogramm und werden dann auch entsprechend ausf\u00fchrlich vom jeweiligen Referenten dargestellt. <\/p>\n<p>Die n\u00e4chste gro\u00dfe M.A.S.T.E.R.-Conference planen wir f\u00fcr das Jahr 2026. <\/p>\n<hr \/>\n<h3>Nachfolgend einige Informationen zur letzten M.A.S.T.E.R. Conference:<\/h3>\n<h3><span color=\"#b30000\" style=\"color: #b30000;\">M.A.S.T.E.R. Conference 2019<\/span><span style=\"font-size: 10pt;\"><br \/><span style=\"font-size: 12pt;\">am 16. November 2019 in Frankfurt\/Main &#8211; Fleming&#8217;s Selection Hotel <\/span><\/span><\/h3>\n<p>Es wurden komprimiert an einem Tag die neuesten Entwicklungen im NETZWERK und innovative medizinische Ans\u00e4tze vorgestellt, die in dieser Form noch nie pr\u00e4sentiert wurden. Wir w\u00fcrden uns freuen, Sie in Frankfurt begr\u00fc\u00dfen zu k\u00f6nnen!<\/p>\n<p><strong>NETZWERK \u00c4sthetik:<\/strong><br \/>Neu entwickelte Injektions-Lipolyse L\u00f6sung &amp; Behandlungsprotokoll ++ Neues orales Phosphatidylcholin\u00a0 ++ Interessante F\u00e4lle Kompositorischer \u00c4sthetik ++\u00a0 Erkenntnisse zum Fadenlifting mit Netzwerk-Protokoll ++ Konzept Behandlung der H\u00e4nde mit PRP &amp; MicroNeedling ++ Cryolipolyse &amp; Injektions-Lipolyse ++ Stammzelltherapie in der \u00c4sthetik\u00a0 ++\u00a0 u.a.<\/p>\n<p><strong>NETZWERK Extended Medicine:<\/strong><br \/>Fernstudiensystem zur Diagnose und Behandlungsunterst\u00fctzung bei chronischen Krankheiten ++\u00a0 Ketogene Di\u00e4t\u00a0 ++ Zellerneuerungstherapie (CRT) ++\u00a0 CRT &amp; Oxyvenierung\u00a0 ++\u00a0 Mitochondriale Medizin\u00a0 ++\u00a0 u.a.<\/p>\n<p><b>Die Vortr\u00e4ge (PowerPoint + Audio) k\u00f6nnen als Videostream gebucht werden.<\/b><\/p>\n<p>[\/et_pb_text][et_pb_shop type=&#8221;product_category&#8221; include_categories=&#8221;246&#8243; _builder_version=&#8221;4.27.4&#8243; _module_preset=&#8221;default&#8221; title_font_size=&#8221;17px&#8221; hover_enabled=&#8221;0&#8243; border_radii_image=&#8221;on|12px|12px|12px|12px&#8221; box_shadow_style_image=&#8221;preset1&#8243; box_shadow_blur_image=&#8221;10px&#8221; box_shadow_spread_image=&#8221;2px&#8221; global_colors_info=&#8221;{}&#8221; columns_number=&#8221;4&#8243; sticky_enabled=&#8221;0&#8243; posts_number=&#8221;25&#8243;][\/et_pb_shop][et_pb_wc_cart_products _builder_version=&#8221;4.27.4&#8243; _module_preset=&#8221;default&#8221; global_colors_info=&#8221;{}&#8221;][\/et_pb_wc_cart_products][\/et_pb_column][\/et_pb_row][et_pb_row column_structure=&#8221;1_3,2_3&#8243; _builder_version=&#8221;4.16&#8243; module_alignment=&#8221;center&#8221; global_colors_info=&#8221;{}&#8221;][et_pb_column type=&#8221;1_3&#8243; _builder_version=&#8221;4.16&#8243; custom_padding=&#8221;|||&#8221; global_colors_info=&#8221;{}&#8221; custom_padding__hover=&#8221;|||&#8221;][et_pb_sidebar area=&#8221;et_pb_widget_area_19&#8243; show_border=&#8221;off&#8221; disabled_on=&#8221;off|off|on&#8221; module_id=&#8221;Netzwerke&#8221; module_class=&#8221;ngh-ctm-sideBarMenu sideBarMenuItem&#8221; _builder_version=&#8221;4.16&#8243; header_font=&#8221;||||||||&#8221; body_font=&#8221;||||||||&#8221; global_colors_info=&#8221;{}&#8221;][\/et_pb_sidebar][\/et_pb_column][et_pb_column type=&#8221;2_3&#8243; _builder_version=&#8221;4.16&#8243; custom_padding=&#8221;|||&#8221; global_colors_info=&#8221;{}&#8221; custom_padding__hover=&#8221;|||&#8221;][\/et_pb_column][\/et_pb_row][\/et_pb_section]<\/p>\n","protected":false},"excerpt":{"rendered":"<p>NETWORK &#8211; Globalhealth Informationen f\u00fcr \u00c4rzte Fortbildungen der Globalhealth Akademie M.A.S.T.E.R.-Conference Minimal invasive Aesthetic Standardized Therapies for Excellent ResultsDas Netzwerk richtet in mehrj\u00e4hrigen Intervallen einen umfangreichen Kongress aus: die M.A.S.T.E.R.-Conference. Statt unz\u00e4hliger, wenig aussagekr\u00e4ftiger 5 Minuten Vortr\u00e4ge verfolgen wir eine andere Konzeption: Nur Vortr\u00e4ge, die innovative Inhalte vermitteln, schaffen es \u00fcberhaupt ins Tagesprogramm und werden [&hellip;]<\/p>\n","protected":false},"author":1,"featured_media":0,"parent":18680,"menu_order":15,"comment_status":"closed","ping_status":"closed","template":"","meta":{"_acf_changed":false,"_bbp_topic_count":0,"_bbp_reply_count":0,"_bbp_total_topic_count":0,"_bbp_total_reply_count":0,"_bbp_voice_count":0,"_bbp_anonymous_reply_count":0,"_bbp_topic_count_hidden":0,"_bbp_reply_count_hidden":0,"_bbp_forum_subforum_count":0,"_et_pb_use_builder":"on","_et_pb_old_content":"","_et_gb_content_width":"","_exactmetrics_skip_tracking":false,"_exactmetrics_sitenote_active":false,"_exactmetrics_sitenote_note":"","_exactmetrics_sitenote_category":0,"footnotes":""},"class_list":["post-16282","page","type-page","status-publish","hentry"],"acf":[],"yoast_head":"<!-- This site is optimized with the Yoast SEO Premium plugin v27.3 (Yoast SEO v27.3) - https:\/\/yoast.com\/product\/yoast-seo-premium-wordpress\/ -->\n<title>M.A.S.T.E.R.-Conference - NETWORK-Globalhealth<\/title>\n<meta name=\"robots\" content=\"index, follow, max-snippet:-1, max-image-preview:large, max-video-preview:-1\" \/>\n<link rel=\"canonical\" href=\"https:\/\/www.network-globalhealth.com\/en\/network-globalhealth\/forphysicians\/masterconference-academy\/\" \/>\n<meta property=\"og:locale\" content=\"en_US\" \/>\n<meta property=\"og:type\" content=\"article\" \/>\n<meta property=\"og:title\" content=\"M.A.S.T.E.R.-Conference\" \/>\n<meta property=\"og:description\" content=\"NETWORK - Globalhealth Informationen f\u00fcr \u00c4rzte Fortbildungen der Globalhealth Akademie M.A.S.T.E.R.-Conference Minimal invasive Aesthetic Standardized Therapies for Excellent ResultsDas Netzwerk richtet in mehrj\u00e4hrigen Intervallen einen umfangreichen Kongress aus: die M.A.S.T.E.R.-Conference. Statt unz\u00e4hliger, wenig aussagekr\u00e4ftiger 5 Minuten Vortr\u00e4ge verfolgen wir eine andere Konzeption: Nur Vortr\u00e4ge, die innovative Inhalte vermitteln, schaffen es \u00fcberhaupt ins Tagesprogramm und werden [&hellip;]\" \/>\n<meta property=\"og:url\" content=\"https:\/\/www.network-globalhealth.com\/en\/network-globalhealth\/forphysicians\/masterconference-academy\/\" \/>\n<meta property=\"og:site_name\" content=\"NETWORK-Globalhealth\" \/>\n<meta property=\"article:modified_time\" content=\"2025-11-07T15:23:57+00:00\" \/>\n<meta name=\"twitter:card\" content=\"summary_large_image\" \/>\n<meta name=\"twitter:label1\" content=\"Est. reading time\" \/>\n\t<meta name=\"twitter:data1\" content=\"5 minutes\" \/>\n<script type=\"application\/ld+json\" class=\"yoast-schema-graph\">{\"@context\":\"https:\\\/\\\/schema.org\",\"@graph\":[{\"@type\":\"WebPage\",\"@id\":\"https:\\\/\\\/www.network-globalhealth.com\\\/en\\\/network-globalhealth\\\/forphysicians\\\/masterconference-academy\\\/\",\"url\":\"https:\\\/\\\/www.network-globalhealth.com\\\/en\\\/network-globalhealth\\\/forphysicians\\\/masterconference-academy\\\/\",\"name\":\"M.A.S.T.E.R.-Conference - NETWORK-Globalhealth\",\"isPartOf\":{\"@id\":\"https:\\\/\\\/www.network-globalhealth.com\\\/#website\"},\"datePublished\":\"2017-07-30T15:34:35+00:00\",\"dateModified\":\"2025-11-07T15:23:57+00:00\",\"breadcrumb\":{\"@id\":\"https:\\\/\\\/www.network-globalhealth.com\\\/en\\\/network-globalhealth\\\/forphysicians\\\/masterconference-academy\\\/#breadcrumb\"},\"inLanguage\":\"en-US\",\"potentialAction\":[{\"@type\":\"ReadAction\",\"target\":[\"https:\\\/\\\/www.network-globalhealth.com\\\/en\\\/network-globalhealth\\\/forphysicians\\\/masterconference-academy\\\/\"]}]},{\"@type\":\"BreadcrumbList\",\"@id\":\"https:\\\/\\\/www.network-globalhealth.com\\\/en\\\/network-globalhealth\\\/forphysicians\\\/masterconference-academy\\\/#breadcrumb\",\"itemListElement\":[{\"@type\":\"ListItem\",\"position\":1,\"name\":\"Startseite\",\"item\":\"https:\\\/\\\/www.network-globalhealth.com\\\/en\\\/\"},{\"@type\":\"ListItem\",\"position\":2,\"name\":\"Network Globalhealth\",\"item\":\"https:\\\/\\\/www.network-globalhealth.com\\\/en\\\/\"},{\"@type\":\"ListItem\",\"position\":3,\"name\":\"Information for Physicians\",\"item\":\"https:\\\/\\\/www.network-globalhealth.com\\\/en\\\/network-globalhealth\\\/forphysicians\\\/\"},{\"@type\":\"ListItem\",\"position\":4,\"name\":\"M.A.S.T.E.R.-Conference\"}]},{\"@type\":\"WebSite\",\"@id\":\"https:\\\/\\\/www.network-globalhealth.com\\\/#website\",\"url\":\"https:\\\/\\\/www.network-globalhealth.com\\\/\",\"name\":\"NETWORK-Globalhealth\",\"description\":\"\",\"potentialAction\":[{\"@type\":\"SearchAction\",\"target\":{\"@type\":\"EntryPoint\",\"urlTemplate\":\"https:\\\/\\\/www.network-globalhealth.com\\\/?s={search_term_string}\"},\"query-input\":{\"@type\":\"PropertyValueSpecification\",\"valueRequired\":true,\"valueName\":\"search_term_string\"}}],\"inLanguage\":\"en-US\"}]}<\/script>\n<!-- \/ Yoast SEO Premium plugin. -->","yoast_head_json":{"title":"M.A.S.T.E.R.-Conference - NETWORK-Globalhealth","robots":{"index":"index","follow":"follow","max-snippet":"max-snippet:-1","max-image-preview":"max-image-preview:large","max-video-preview":"max-video-preview:-1"},"canonical":"https:\/\/www.network-globalhealth.com\/en\/network-globalhealth\/forphysicians\/masterconference-academy\/","og_locale":"en_US","og_type":"article","og_title":"M.A.S.T.E.R.-Conference","og_description":"NETWORK - Globalhealth Informationen f\u00fcr \u00c4rzte Fortbildungen der Globalhealth Akademie M.A.S.T.E.R.-Conference Minimal invasive Aesthetic Standardized Therapies for Excellent ResultsDas Netzwerk richtet in mehrj\u00e4hrigen Intervallen einen umfangreichen Kongress aus: die M.A.S.T.E.R.-Conference. Statt unz\u00e4hliger, wenig aussagekr\u00e4ftiger 5 Minuten Vortr\u00e4ge verfolgen wir eine andere Konzeption: Nur Vortr\u00e4ge, die innovative Inhalte vermitteln, schaffen es \u00fcberhaupt ins Tagesprogramm und werden [&hellip;]","og_url":"https:\/\/www.network-globalhealth.com\/en\/network-globalhealth\/forphysicians\/masterconference-academy\/","og_site_name":"NETWORK-Globalhealth","article_modified_time":"2025-11-07T15:23:57+00:00","twitter_card":"summary_large_image","twitter_misc":{"Est. reading time":"5 minutes"},"schema":{"@context":"https:\/\/schema.org","@graph":[{"@type":"WebPage","@id":"https:\/\/www.network-globalhealth.com\/en\/network-globalhealth\/forphysicians\/masterconference-academy\/","url":"https:\/\/www.network-globalhealth.com\/en\/network-globalhealth\/forphysicians\/masterconference-academy\/","name":"M.A.S.T.E.R.-Conference - NETWORK-Globalhealth","isPartOf":{"@id":"https:\/\/www.network-globalhealth.com\/#website"},"datePublished":"2017-07-30T15:34:35+00:00","dateModified":"2025-11-07T15:23:57+00:00","breadcrumb":{"@id":"https:\/\/www.network-globalhealth.com\/en\/network-globalhealth\/forphysicians\/masterconference-academy\/#breadcrumb"},"inLanguage":"en-US","potentialAction":[{"@type":"ReadAction","target":["https:\/\/www.network-globalhealth.com\/en\/network-globalhealth\/forphysicians\/masterconference-academy\/"]}]},{"@type":"BreadcrumbList","@id":"https:\/\/www.network-globalhealth.com\/en\/network-globalhealth\/forphysicians\/masterconference-academy\/#breadcrumb","itemListElement":[{"@type":"ListItem","position":1,"name":"Startseite","item":"https:\/\/www.network-globalhealth.com\/en\/"},{"@type":"ListItem","position":2,"name":"Network Globalhealth","item":"https:\/\/www.network-globalhealth.com\/en\/"},{"@type":"ListItem","position":3,"name":"Information for Physicians","item":"https:\/\/www.network-globalhealth.com\/en\/network-globalhealth\/forphysicians\/"},{"@type":"ListItem","position":4,"name":"M.A.S.T.E.R.-Conference"}]},{"@type":"WebSite","@id":"https:\/\/www.network-globalhealth.com\/#website","url":"https:\/\/www.network-globalhealth.com\/","name":"NETWORK-Globalhealth","description":"","potentialAction":[{"@type":"SearchAction","target":{"@type":"EntryPoint","urlTemplate":"https:\/\/www.network-globalhealth.com\/?s={search_term_string}"},"query-input":{"@type":"PropertyValueSpecification","valueRequired":true,"valueName":"search_term_string"}}],"inLanguage":"en-US"}]}},"_links":{"self":[{"href":"https:\/\/www.network-globalhealth.com\/en\/wp-json\/wp\/v2\/pages\/16282","targetHints":{"allow":["GET"]}}],"collection":[{"href":"https:\/\/www.network-globalhealth.com\/en\/wp-json\/wp\/v2\/pages"}],"about":[{"href":"https:\/\/www.network-globalhealth.com\/en\/wp-json\/wp\/v2\/types\/page"}],"author":[{"embeddable":true,"href":"https:\/\/www.network-globalhealth.com\/en\/wp-json\/wp\/v2\/users\/1"}],"replies":[{"embeddable":true,"href":"https:\/\/www.network-globalhealth.com\/en\/wp-json\/wp\/v2\/comments?post=16282"}],"version-history":[{"count":14,"href":"https:\/\/www.network-globalhealth.com\/en\/wp-json\/wp\/v2\/pages\/16282\/revisions"}],"predecessor-version":[{"id":32379,"href":"https:\/\/www.network-globalhealth.com\/en\/wp-json\/wp\/v2\/pages\/16282\/revisions\/32379"}],"up":[{"embeddable":true,"href":"https:\/\/www.network-globalhealth.com\/en\/wp-json\/wp\/v2\/pages\/18680"}],"wp:attachment":[{"href":"https:\/\/www.network-globalhealth.com\/en\/wp-json\/wp\/v2\/media?parent=16282"}],"curies":[{"name":"wp","href":"https:\/\/api.w.org\/{rel}","templated":true}]}}