{"id":16262,"date":"2017-07-30T14:35:33","date_gmt":"2017-07-30T14:35:33","guid":{"rendered":"https:\/\/www.network-globalhealth.com\/fillerbasis-academy\/"},"modified":"2023-01-19T08:44:54","modified_gmt":"2023-01-19T08:44:54","slug":"fillerbasis-academy","status":"publish","type":"page","link":"https:\/\/www.network-globalhealth.com\/en\/network-globalhealth\/forphysicians\/fillerbasis-academy\/","title":{"rendered":"Hyaluronic acid filler practical course for beginners"},"content":{"rendered":"<p>[et_pb_section fb_built=&#8221;1&#8243; _builder_version=&#8221;4.16&#8243; background_color=&#8221;#d3d3d3&#8243; custom_padding=&#8221;20px||0||false|false&#8221; global_colors_info=&#8221;{}&#8221;][et_pb_row column_structure=&#8221;3_4,1_4&#8243; module_class=&#8221;jumbotron&#8221; _builder_version=&#8221;4.16&#8243; background_color=&#8221;#292c2f&#8221; module_alignment=&#8221;center&#8221; custom_padding=&#8221;48px|60px|48px|60px|true|true&#8221; border_radii=&#8221;on|6px|6px|6px|6px&#8221; global_colors_info=&#8221;{}&#8221;][et_pb_column type=&#8221;3_4&#8243; _builder_version=&#8221;4.16&#8243; custom_padding=&#8221;|||&#8221; global_colors_info=&#8221;{}&#8221; custom_padding__hover=&#8221;|||&#8221;][et_pb_text admin_label=&#8221;NETWORK &#8211; Globalhealth&#8221; _builder_version=&#8221;4.16&#8243; header_font=&#8221;||||||||&#8221; header_2_font=&#8221;||||||||&#8221; header_2_text_color=&#8221;#ffffff&#8221; header_2_font_size=&#8221;30px&#8221; header_3_font=&#8221;||||||||&#8221; header_3_text_color=&#8221;#ffffff&#8221; custom_margin=&#8221;20px||10px|&#8221; custom_padding=&#8221;|||&#8221; hover_enabled=&#8221;0&#8243; global_colors_info=&#8221;{}&#8221; sticky_enabled=&#8221;0&#8243;]<\/p>\n<h2>NETWORK &#8211; Globalhealth<\/h2>\n<p>[\/et_pb_text][et_pb_text admin_label=&#8221;info&#8221; _builder_version=&#8221;4.17.5&#8243; header_font=&#8221;||||||||&#8221; header_2_font=&#8221;||||||||&#8221; header_2_text_color=&#8221;#ffffff&#8221; header_2_font_size=&#8221;30px&#8221; header_3_font=&#8221;||||||||&#8221; header_3_text_color=&#8221;#ffffff&#8221; custom_margin=&#8221;10px||10px|&#8221; hover_enabled=&#8221;0&#8243; global_colors_info=&#8221;{}&#8221; sticky_enabled=&#8221;0&#8243;]<\/p>\n<h3>Information for Physicians<\/h3>\n<h3>Training courses of the Globalhealth Academy<\/h3>\n<p>[\/et_pb_text][\/et_pb_column][et_pb_column type=&#8221;1_4&#8243; _builder_version=&#8221;4.16&#8243; custom_padding=&#8221;|||&#8221; global_colors_info=&#8221;{}&#8221; custom_padding__hover=&#8221;|||&#8221;][et_pb_image src=&#8221;https:\/\/www.network-globalhealth.com\/wp-content\/uploads\/2018\/09\/jt-globe.png&#8221; align=&#8221;right&#8221; align_tablet=&#8221;center&#8221; align_phone=&#8221;&#8221; align_last_edited=&#8221;on|desktop&#8221; _builder_version=&#8221;4.16&#8243; max_width=&#8221;160px&#8221; global_colors_info=&#8221;{}&#8221;][\/et_pb_image][\/et_pb_column][\/et_pb_row][et_pb_row _builder_version=&#8221;4.16&#8243; custom_margin=&#8221;0px|||&#8221; custom_padding=&#8221;10px|||&#8221; global_colors_info=&#8221;{}&#8221;][et_pb_column type=&#8221;4_4&#8243; _builder_version=&#8221;4.16&#8243; custom_padding=&#8221;|||&#8221; global_colors_info=&#8221;{}&#8221; custom_padding__hover=&#8221;|||&#8221;][et_pb_dcsbcm_divi_breadcrumbs_module hide_homebreadcrumb=&#8221;on&#8221; hide_currentbreadcrumb=&#8221;off&#8221; computed_field_html_payload=&#8221;<\/p>\n<div class=%22dcsbcm_divi_breadcrumbs%22 xmlns:v=%22http:\/\/rdf.data-vocabulary.org\/#%22><span class=%22dcsbcm_divi_breadcrumb%22 typeof=%22v:Breadcrumb%22><a rel=%22v:url%22 property=%22v:title%22 href=%22https:\/\/www.network-globalhealth.com\/network-globalhealth\/%22>Network Globalhealth<\/a><\/span><span class=%22dcsbcm_separator%22> \u00bb <\/span><span class=%22dcsbcm_divi_breadcrumb%22 typeof=%22v:Breadcrumb%22><a rel=%22v:url%22 property=%22v:title%22 href=%22https:\/\/www.network-globalhealth.com\/network-globalhealth\/netzwerk-extended-medicine\/%22>NETZWERK Extended Medicine<\/a><\/span><span class=%22dcsbcm_separator%22> \u00bb <\/span><span class=%22dcsbcm_divi_breadcrumb%22 typeof=%22v:Breadcrumb%22><a rel=%22v:url%22 property=%22v:title%22 href=%22https:\/\/www.network-globalhealth.com\/network-globalhealth\/netzwerk-extended-medicine\/forphysicians\/%22>Informationen f\u00fcr \u00c4rzte<\/a><\/span><span class=%22dcsbcm_separator%22> \u00bb <\/span><span class=%22dcsbcm_divi_breadcrumb%22 typeof=%22v:Breadcrumb%22><a rel=%22v:url%22 property=%22v:title%22 href=%22https:\/\/www.network-globalhealth.com\/network-globalhealth\/netzwerk-extended-medicine\/forphysicians\/fachbereiche\/%22>Fachbereiche<\/a><\/span><span class=%22dcsbcm_separator%22> \u00bb <\/span><span class=%22dcsbcm_divi_breadcrumb dcsbcm_divi_breadcrumb-active%22>Anti Aging<\/span><\/div>\n<p>&#8221; _builder_version=&#8221;4.16&#8243; fontsbreadcrumblinks_text_color=&#8221;#000000&#8243; fontsbreadcrumblinks_font_size_tablet=&#8221;51&#8243; fontsbreadcrumblinks_line_height_tablet=&#8221;2&#8243; custom_css_before=&#8221;content: \u2302;&#8221; global_colors_info=&#8221;{}&#8221; fontsbreadcrumbs_font_size_tablet=&#8221;51&#8243; fontsbreadcrumbs_line_height_tablet=&#8221;2&#8243; fontsseperator_font_size_tablet=&#8221;51&#8243; fontsseperator_line_height_tablet=&#8221;2&#8243;][\/et_pb_dcsbcm_divi_breadcrumbs_module][\/et_pb_column][\/et_pb_row][\/et_pb_section][et_pb_section fb_built=&#8221;1&#8243; _builder_version=&#8221;4.16&#8243; background_color=&#8221;#d3d3d3&#8243; custom_padding=&#8221;0|0px|54px|0px|false|false&#8221; global_colors_info=&#8221;{}&#8221;][et_pb_row column_structure=&#8221;1_3,2_3&#8243; custom_padding_last_edited=&#8221;on|phone&#8221; _builder_version=&#8221;4.16&#8243; module_alignment=&#8221;center&#8221; custom_padding_tablet=&#8221;0px|||&#8221; custom_padding_phone=&#8221;&#8221; global_colors_info=&#8221;{}&#8221;][et_pb_column type=&#8221;1_3&#8243; _builder_version=&#8221;4.16&#8243; custom_padding=&#8221;|||&#8221; global_colors_info=&#8221;{}&#8221; custom_padding__hover=&#8221;|||&#8221;][et_pb_sidebar area=&#8221;et_pb_widget_area_19&#8243; show_border=&#8221;off&#8221; disabled_on=&#8221;on|on|off&#8221; module_class=&#8221;ngh-ctm-sideBarMenu sideBarMenuItem&#8221; _builder_version=&#8221;4.16&#8243; header_font=&#8221;||||||||&#8221; body_font=&#8221;||||||||&#8221; global_colors_info=&#8221;{}&#8221;][\/et_pb_sidebar][\/et_pb_column][et_pb_column type=&#8221;2_3&#8243; _builder_version=&#8221;4.16&#8243; custom_padding=&#8221;|||30px&#8221; global_colors_info=&#8221;{}&#8221; custom_padding__hover=&#8221;|||&#8221;][et_pb_text _builder_version=&#8221;4.16&#8243; text_text_color=&#8221;#005b8d&#8221; text_font_size=&#8221;20px&#8221; text_line_height=&#8221;1.4em&#8221; header_font=&#8221;|600|||||||&#8221; header_font_size=&#8221;24px&#8221; header_3_font_size=&#8221;20px&#8221; custom_margin=&#8221;10px||&#8221; custom_padding=&#8221;||&#8221; hover_enabled=&#8221;0&#8243; global_colors_info=&#8221;{}&#8221; sticky_enabled=&#8221;0&#8243;]<span class=\"topic23\"><img loading=\"lazy\" decoding=\"async\" class=\"size-medium alignnone\" style=\"float: right;\" src=\"\/wp-content\/images\/academy\/Filler_Basis_I13_150.jpg\" alt=\"Filler-Praxiskurs\" width=\"150\" height=\"150\" \/><\/span><\/p>\n<h1>Hyaluronic acid filler<\/h1>\n<h3>Practical course for beginners<\/h3>\n<p>[\/et_pb_text][et_pb_text ul_item_indent=&#8221;40px&#8221; ol_position=&#8221;outside&#8221; ol_item_indent=&#8221;40px&#8221; _builder_version=&#8221;4.19.4&#8243; custom_margin=&#8221;10px||&#8221; custom_padding=&#8221;||&#8221; hover_enabled=&#8221;0&#8243; global_colors_info=&#8221;{}&#8221; sticky_enabled=&#8221;0&#8243;]<\/p>\n<p><b>At the moment we only offer fixed dates for German speaking doctors.<br \/>If you are interested in a training course write an <a href=\"mailto:workshop@network-globalhealth.com\">email<\/a>, we collect interested physicians.<\/b><\/p>\n<p>Workshop with hands-on training as advanced medical training for fillers with hyaluronic acid.<\/p>\n<p>The use of volume and wrinkle-filling materials, especially for the ageing face, is one of the most important minimally invasive aesthetic treatment methods. A successful introduction to practice can only succeed if all essential aspects of volume augmentation are comprehensively covered, such as: material science, the indications of wrinkles and volume, injection techniques including blunt cannulas, the different regions of augmentation, the use of hyaluron skin boosters for skin structure improvement as well as central aesthetic principles of facial reconstruction.<\/p>\n<p>The great advantage of the company independence of our network is that we can use and compare products from different manufacturers for different indications in practice. Our lecturers attach the greatest importance to the fact that each participant treats practically under their guidance. In order to keep the inhibition threshold as low as possible during the introduction of therapy, we make sure that the participants can start with simple indications when selecting the test persons. Patients are welcome to bring their own (advance booking required). Many participants also like to treat each other in order to get a better feeling for the experience of their patients.<\/p>\n<p>Recommendation: The course can be optimally combined with the <a href=\"\/en\/network-globalhealth\/forphysicians\/btxbasis-academy\"><b>BTX for beginners<\/b><\/a> by Dr. Lettko.<\/p>\n<p><strong>Included in the workshop price:<\/strong><br \/>\u25cb a USB stick with all training and therapy materials<br \/>\u25cb start-up support for one year after training<br \/>\u25cb Treatment materials and organisation of test persons<br \/>\u25cb Entry in the doctor search for patients<\/p>\n<h3>Your instructors<\/h3>\n<p><span class=\"medium-caption\">Dr. Margrit Lettko<\/span><br \/><small>Specialist in general medicine (focus on aesthetics) &amp; Graduate psychologist<br \/>Medical Director of Department Lipolysis<br \/>Member of the Board of Directors of the Globalhealth Academy for Aesthetic Medicine<\/small><\/p>\n<p><span class=\"medium-caption\">Tunay Yilmaz<\/span><br \/><small>Specialist in plastic surgery<br \/>Member of the advisory board of the Globalhealth Academy for Aesthetic Medicine<\/small><\/p>\n<h3>Do you have questions about our courses or do you need registration documents?<\/h3>\n<p><b>Please contact Mrs. Anna Keller:<\/b><br \/>Phone: +49 &#8211; (0)2508-21 59-200<br \/>or send an email: <a style=\"color: #b30000; text-decoration: underline;\" href=\"mailto:workshop@network-globalhealth.com\">send e-mail<\/a><\/p>\n<h3>Workshop Participants Feedback<\/h3>\n<p>&#8220;Regarding the basic courses (Botox &amp; Filler) with Dr. Lettko, I can tell you that they are more than worth the money, she is the pure enthusiast &#8216;in personam&#8217;. But last but not least the decisive factor: She is a loving person!&#8221;<br \/><span style=\"margin-left: 12px;\">Tibor Lebhaft, D<\/span><\/p>\n<p>&#8220;The Botox &amp; Filler course for beginners was very practically oriented and full of tips. Especially in the detailed &#8216;hands-on training&#8217; part, Dr. Lettko&#8217;s long experience with the methodology was clearly visible. The preparation of the content of the topics was particularly evident in the detailed documents, which enable very good follow-up work at home.&#8221;<br \/><span style=\"margin-left: 12px;\">Jiri Pumprla, CZ<\/span><\/p>\n<p>&#8220;The course was a complete success, well organised, and with Dr. Lettko you have truly found the right committed and charismatic personality to lead the course. Thank you again and we will be happy to come back another time.&#8221;<br \/><span style=\"margin-left: 12px;\">Martin Keller, D<\/span><\/p>\n<p>&#8220;The workshop absolutely convinced me. Very professional design, competence and friendliness. Learned a lot!&#8221;<br \/><span style=\"margin-left: 12px;\">Dr. Claudia Blazek, CH<\/span><\/p>\n<p>&#8220;Dr Lettko is by far the best speaker so far. Very detailed in all areas. Highest learning potential. Brilliant! Open to all questions, gives information about all important details.&#8221;<br \/><span style=\"margin-left: 12px;\">Maja Henke, D<\/span><\/p>\n<p>&#8220;The support and the offer are phenomenal. Never before have I experienced being so comprehensively equipped at training courses.&#8221;<br \/><span style=\"margin-left: 12px;\">T\u00fcrkan Bakir-\u00d6lmez, D<\/span><\/p>\n<p>[\/et_pb_text][et_pb_accordion open_toggle_text_color=&#8221;#005b8d&#8221; closed_toggle_text_color=&#8221;#005b8d&#8221; disabled_on=&#8221;on|on|on&#8221; _builder_version=&#8221;4.16&#8243; toggle_level=&#8221;h4&#8243; toggle_font=&#8221;||||||||&#8221; body_font=&#8221;||||||||&#8221; custom_margin=&#8221;-90px||&#8221; disabled=&#8221;on&#8221; global_colors_info=&#8221;{}&#8221;][et_pb_accordion_item open=&#8221;on&#8221; open_toggle_text_color=&#8221;rgba(0,0,0,0)&#8221; open_toggle_background_color=&#8221;rgba(0,0,0,0)&#8221; closed_toggle_text_color=&#8221;rgba(0,0,0,0)&#8221; closed_toggle_background_color=&#8221;rgba(0,0,0,0)&#8221; icon_color=&#8221;rgba(0,0,0,0)&#8221; _builder_version=&#8221;4.16&#8243; border_width_all=&#8221;0px&#8221; border_color_all=&#8221;rgba(0,0,0,0)&#8221; global_colors_info=&#8221;{}&#8221;][\/et_pb_accordion_item][et_pb_accordion_item title=&#8221;Titel eingeben&#8221; icon_color=&#8221;#005b8d&#8221; _builder_version=&#8221;4.16&#8243; custom_margin=&#8221;||0px&#8221; global_colors_info=&#8221;{}&#8221; open=&#8221;off&#8221;]Lorem ipsum dolor sit amet, consetetur sadipscing elitr, sed diam nonumy eirmod tempor invidunt ut labore et dolore magna aliquyam erat, sed diam voluptua. At vero eos et accusam et justo duo dolores et ea rebum. Stet clita kasd gubergren, no sea takimata sanctus est Lorem ipsum dolor sit amet. Lorem ipsum dolor sit amet, consetetur sadipscing elitr, sed diam nonumy eirmod tempor invidunt ut labore et dolore magna aliquyam erat, sed diam voluptua. At vero eos et accusam et justo duo dolores et ea rebum. Stet clita kasd gubergren, no sea takimata sanctus est Lorem ipsum dolor sit amet.[\/et_pb_accordion_item][\/et_pb_accordion][et_pb_divider color=&#8221;#9d9d9d&#8221; disabled_on=&#8221;on|on|on&#8221; _builder_version=&#8221;4.16&#8243; _module_preset=&#8221;default&#8221; custom_margin=&#8221;0px||0px||false|false&#8221; custom_padding=&#8221;0px||0px||false|false&#8221; disabled=&#8221;on&#8221; global_colors_info=&#8221;{}&#8221;][\/et_pb_divider][et_pb_text ul_item_indent=&#8221;40px&#8221; ol_item_indent=&#8221;40px&#8221; disabled_on=&#8221;on|on|on&#8221; _builder_version=&#8221;4.16&#8243; custom_margin=&#8221;10px||&#8221; custom_padding=&#8221;||&#8221; disabled=&#8221;on&#8221; global_colors_info=&#8221;{}&#8221;]<\/p>\n<p>Lorem ipsum dolor sit amet, consetetur sadipscing elitr, sed diam nonumy eirmod tempor invidunt ut labore et dolore magna aliquyam erat, sed diam voluptua. At vero eos et accusam et justo duo dolores et ea rebum. Stet clita kasd gubergren, no sea takimata sanctus est Lorem ipsum dolor sit amet. Lorem ipsum dolor sit amet, consetetur sadipscing elitr, sed diam nonumy eirmod tempor invidunt ut labore et dolore magna aliquyam erat, sed diam voluptua. At vero eos et accusam et justo duo dolores et ea rebum. Stet clita kasd gubergren, no sea takimata sanctus est Lorem ipsum dolor sit amet.<\/p>\n<p>[\/et_pb_text][\/et_pb_column][\/et_pb_row][et_pb_row column_structure=&#8221;1_3,2_3&#8243; _builder_version=&#8221;4.16&#8243; module_alignment=&#8221;center&#8221; global_colors_info=&#8221;{}&#8221;][et_pb_column type=&#8221;1_3&#8243; _builder_version=&#8221;4.16&#8243; custom_padding=&#8221;|||&#8221; global_colors_info=&#8221;{}&#8221; custom_padding__hover=&#8221;|||&#8221;][et_pb_sidebar area=&#8221;et_pb_widget_area_19&#8243; show_border=&#8221;off&#8221; disabled_on=&#8221;off|off|on&#8221; module_id=&#8221;Netzwerke&#8221; module_class=&#8221;ngh-ctm-sideBarMenu sideBarMenuItem&#8221; _builder_version=&#8221;4.16&#8243; header_font=&#8221;||||||||&#8221; body_font=&#8221;||||||||&#8221; global_colors_info=&#8221;{}&#8221;][\/et_pb_sidebar][\/et_pb_column][et_pb_column type=&#8221;2_3&#8243; _builder_version=&#8221;4.16&#8243; custom_padding=&#8221;|||&#8221; global_colors_info=&#8221;{}&#8221; custom_padding__hover=&#8221;|||&#8221;][\/et_pb_column][\/et_pb_row][\/et_pb_section]<\/p>\n","protected":false},"excerpt":{"rendered":"<p>NETWORK &#8211; Globalhealth Information for Physicians Training courses of the Globalhealth Academy Hyaluronic acid filler Practical course for beginnersAt the moment we only offer fixed dates for German speaking doctors.If you are interested in a training course write an email, we collect interested physicians. Workshop with hands-on training as advanced medical training for fillers with [&hellip;]<\/p>\n","protected":false},"author":1,"featured_media":0,"parent":18680,"menu_order":8,"comment_status":"closed","ping_status":"closed","template":"","meta":{"_acf_changed":false,"_bbp_topic_count":0,"_bbp_reply_count":0,"_bbp_total_topic_count":0,"_bbp_total_reply_count":0,"_bbp_voice_count":0,"_bbp_anonymous_reply_count":0,"_bbp_topic_count_hidden":0,"_bbp_reply_count_hidden":0,"_bbp_forum_subforum_count":0,"_et_pb_use_builder":"on","_et_pb_old_content":"","_et_gb_content_width":"","_exactmetrics_skip_tracking":false,"_exactmetrics_sitenote_active":false,"_exactmetrics_sitenote_note":"","_exactmetrics_sitenote_category":0,"footnotes":""},"class_list":["post-16262","page","type-page","status-publish","hentry"],"acf":[],"yoast_head":"<!-- This site is optimized with the Yoast SEO Premium plugin v27.3 (Yoast SEO v27.3) - https:\/\/yoast.com\/product\/yoast-seo-premium-wordpress\/ -->\n<title>Hyaluronic acid filler practical course for beginners - Hands-On Training<\/title>\n<meta name=\"description\" content=\"Ein Workshop mit Hands-On Training als \u00e4rztliche Fortbildung f\u00fcr Filler mit Hyalurons\u00e4ure. Volumenaufbau und Falten f\u00fcllenden Materialien.\" \/>\n<meta name=\"robots\" content=\"index, follow, max-snippet:-1, max-image-preview:large, max-video-preview:-1\" \/>\n<link rel=\"canonical\" href=\"https:\/\/www.network-globalhealth.com\/en\/network-globalhealth\/forphysicians\/fillerbasis-academy\/\" \/>\n<meta property=\"og:locale\" content=\"en_US\" \/>\n<meta property=\"og:type\" content=\"article\" \/>\n<meta property=\"og:title\" content=\"Hyaluronic acid filler practical course for beginners\" \/>\n<meta property=\"og:description\" content=\"Ein Workshop mit Hands-On Training als \u00e4rztliche Fortbildung f\u00fcr Filler mit Hyalurons\u00e4ure. Volumenaufbau und Falten f\u00fcllenden Materialien.\" \/>\n<meta property=\"og:url\" content=\"https:\/\/www.network-globalhealth.com\/en\/network-globalhealth\/forphysicians\/fillerbasis-academy\/\" \/>\n<meta property=\"og:site_name\" content=\"NETWORK-Globalhealth\" \/>\n<meta property=\"article:modified_time\" content=\"2023-01-19T08:44:54+00:00\" \/>\n<meta name=\"twitter:card\" content=\"summary_large_image\" \/>\n<meta name=\"twitter:label1\" content=\"Est. reading time\" \/>\n\t<meta name=\"twitter:data1\" content=\"6 minutes\" \/>\n<script type=\"application\/ld+json\" class=\"yoast-schema-graph\">{\"@context\":\"https:\\\/\\\/schema.org\",\"@graph\":[{\"@type\":\"WebPage\",\"@id\":\"https:\\\/\\\/www.network-globalhealth.com\\\/en\\\/network-globalhealth\\\/forphysicians\\\/fillerbasis-academy\\\/\",\"url\":\"https:\\\/\\\/www.network-globalhealth.com\\\/en\\\/network-globalhealth\\\/forphysicians\\\/fillerbasis-academy\\\/\",\"name\":\"Hyaluronic acid filler practical course for beginners - Hands-On Training\",\"isPartOf\":{\"@id\":\"https:\\\/\\\/www.network-globalhealth.com\\\/#website\"},\"datePublished\":\"2017-07-30T14:35:33+00:00\",\"dateModified\":\"2023-01-19T08:44:54+00:00\",\"description\":\"Ein Workshop mit Hands-On Training als \u00e4rztliche Fortbildung f\u00fcr Filler mit Hyalurons\u00e4ure. Volumenaufbau und Falten f\u00fcllenden Materialien.\",\"breadcrumb\":{\"@id\":\"https:\\\/\\\/www.network-globalhealth.com\\\/en\\\/network-globalhealth\\\/forphysicians\\\/fillerbasis-academy\\\/#breadcrumb\"},\"inLanguage\":\"en-US\",\"potentialAction\":[{\"@type\":\"ReadAction\",\"target\":[\"https:\\\/\\\/www.network-globalhealth.com\\\/en\\\/network-globalhealth\\\/forphysicians\\\/fillerbasis-academy\\\/\"]}]},{\"@type\":\"BreadcrumbList\",\"@id\":\"https:\\\/\\\/www.network-globalhealth.com\\\/en\\\/network-globalhealth\\\/forphysicians\\\/fillerbasis-academy\\\/#breadcrumb\",\"itemListElement\":[{\"@type\":\"ListItem\",\"position\":1,\"name\":\"Startseite\",\"item\":\"https:\\\/\\\/www.network-globalhealth.com\\\/en\\\/\"},{\"@type\":\"ListItem\",\"position\":2,\"name\":\"Network Globalhealth\",\"item\":\"https:\\\/\\\/www.network-globalhealth.com\\\/en\\\/\"},{\"@type\":\"ListItem\",\"position\":3,\"name\":\"Information for Physicians\",\"item\":\"https:\\\/\\\/www.network-globalhealth.com\\\/en\\\/network-globalhealth\\\/forphysicians\\\/\"},{\"@type\":\"ListItem\",\"position\":4,\"name\":\"Hyaluronic acid filler practical course for beginners\"}]},{\"@type\":\"WebSite\",\"@id\":\"https:\\\/\\\/www.network-globalhealth.com\\\/#website\",\"url\":\"https:\\\/\\\/www.network-globalhealth.com\\\/\",\"name\":\"NETWORK-Globalhealth\",\"description\":\"\",\"potentialAction\":[{\"@type\":\"SearchAction\",\"target\":{\"@type\":\"EntryPoint\",\"urlTemplate\":\"https:\\\/\\\/www.network-globalhealth.com\\\/?s={search_term_string}\"},\"query-input\":{\"@type\":\"PropertyValueSpecification\",\"valueRequired\":true,\"valueName\":\"search_term_string\"}}],\"inLanguage\":\"en-US\"}]}<\/script>\n<!-- \/ Yoast SEO Premium plugin. -->","yoast_head_json":{"title":"Hyaluronic acid filler practical course for beginners - Hands-On Training","description":"Ein Workshop mit Hands-On Training als \u00e4rztliche Fortbildung f\u00fcr Filler mit Hyalurons\u00e4ure. Volumenaufbau und Falten f\u00fcllenden Materialien.","robots":{"index":"index","follow":"follow","max-snippet":"max-snippet:-1","max-image-preview":"max-image-preview:large","max-video-preview":"max-video-preview:-1"},"canonical":"https:\/\/www.network-globalhealth.com\/en\/network-globalhealth\/forphysicians\/fillerbasis-academy\/","og_locale":"en_US","og_type":"article","og_title":"Hyaluronic acid filler practical course for beginners","og_description":"Ein Workshop mit Hands-On Training als \u00e4rztliche Fortbildung f\u00fcr Filler mit Hyalurons\u00e4ure. Volumenaufbau und Falten f\u00fcllenden Materialien.","og_url":"https:\/\/www.network-globalhealth.com\/en\/network-globalhealth\/forphysicians\/fillerbasis-academy\/","og_site_name":"NETWORK-Globalhealth","article_modified_time":"2023-01-19T08:44:54+00:00","twitter_card":"summary_large_image","twitter_misc":{"Est. reading time":"6 minutes"},"schema":{"@context":"https:\/\/schema.org","@graph":[{"@type":"WebPage","@id":"https:\/\/www.network-globalhealth.com\/en\/network-globalhealth\/forphysicians\/fillerbasis-academy\/","url":"https:\/\/www.network-globalhealth.com\/en\/network-globalhealth\/forphysicians\/fillerbasis-academy\/","name":"Hyaluronic acid filler practical course for beginners - Hands-On Training","isPartOf":{"@id":"https:\/\/www.network-globalhealth.com\/#website"},"datePublished":"2017-07-30T14:35:33+00:00","dateModified":"2023-01-19T08:44:54+00:00","description":"Ein Workshop mit Hands-On Training als \u00e4rztliche Fortbildung f\u00fcr Filler mit Hyalurons\u00e4ure. Volumenaufbau und Falten f\u00fcllenden Materialien.","breadcrumb":{"@id":"https:\/\/www.network-globalhealth.com\/en\/network-globalhealth\/forphysicians\/fillerbasis-academy\/#breadcrumb"},"inLanguage":"en-US","potentialAction":[{"@type":"ReadAction","target":["https:\/\/www.network-globalhealth.com\/en\/network-globalhealth\/forphysicians\/fillerbasis-academy\/"]}]},{"@type":"BreadcrumbList","@id":"https:\/\/www.network-globalhealth.com\/en\/network-globalhealth\/forphysicians\/fillerbasis-academy\/#breadcrumb","itemListElement":[{"@type":"ListItem","position":1,"name":"Startseite","item":"https:\/\/www.network-globalhealth.com\/en\/"},{"@type":"ListItem","position":2,"name":"Network Globalhealth","item":"https:\/\/www.network-globalhealth.com\/en\/"},{"@type":"ListItem","position":3,"name":"Information for Physicians","item":"https:\/\/www.network-globalhealth.com\/en\/network-globalhealth\/forphysicians\/"},{"@type":"ListItem","position":4,"name":"Hyaluronic acid filler practical course for beginners"}]},{"@type":"WebSite","@id":"https:\/\/www.network-globalhealth.com\/#website","url":"https:\/\/www.network-globalhealth.com\/","name":"NETWORK-Globalhealth","description":"","potentialAction":[{"@type":"SearchAction","target":{"@type":"EntryPoint","urlTemplate":"https:\/\/www.network-globalhealth.com\/?s={search_term_string}"},"query-input":{"@type":"PropertyValueSpecification","valueRequired":true,"valueName":"search_term_string"}}],"inLanguage":"en-US"}]}},"_links":{"self":[{"href":"https:\/\/www.network-globalhealth.com\/en\/wp-json\/wp\/v2\/pages\/16262","targetHints":{"allow":["GET"]}}],"collection":[{"href":"https:\/\/www.network-globalhealth.com\/en\/wp-json\/wp\/v2\/pages"}],"about":[{"href":"https:\/\/www.network-globalhealth.com\/en\/wp-json\/wp\/v2\/types\/page"}],"author":[{"embeddable":true,"href":"https:\/\/www.network-globalhealth.com\/en\/wp-json\/wp\/v2\/users\/1"}],"replies":[{"embeddable":true,"href":"https:\/\/www.network-globalhealth.com\/en\/wp-json\/wp\/v2\/comments?post=16262"}],"version-history":[{"count":9,"href":"https:\/\/www.network-globalhealth.com\/en\/wp-json\/wp\/v2\/pages\/16262\/revisions"}],"predecessor-version":[{"id":19578,"href":"https:\/\/www.network-globalhealth.com\/en\/wp-json\/wp\/v2\/pages\/16262\/revisions\/19578"}],"up":[{"embeddable":true,"href":"https:\/\/www.network-globalhealth.com\/en\/wp-json\/wp\/v2\/pages\/18680"}],"wp:attachment":[{"href":"https:\/\/www.network-globalhealth.com\/en\/wp-json\/wp\/v2\/media?parent=16262"}],"curies":[{"name":"wp","href":"https:\/\/api.w.org\/{rel}","templated":true}]}}