{"id":16256,"date":"2017-07-30T13:34:19","date_gmt":"2017-07-30T13:34:19","guid":{"rendered":"https:\/\/www.network-globalhealth.com\/lipolysemaster-academy\/"},"modified":"2025-10-27T10:15:28","modified_gmt":"2025-10-27T10:15:28","slug":"lipolysemaster-academy","status":"publish","type":"page","link":"https:\/\/www.network-globalhealth.com\/en\/network-globalhealth\/forphysicians\/lipolysemaster-academy\/","title":{"rendered":"MASTER Class Injektions-Lipolyse"},"content":{"rendered":"<p>[et_pb_section fb_built=&#8221;1&#8243; _builder_version=&#8221;4.16&#8243; background_color=&#8221;#d3d3d3&#8243; custom_padding=&#8221;20px||0||false|false&#8221; global_colors_info=&#8221;{}&#8221;][et_pb_row column_structure=&#8221;3_4,1_4&#8243; module_class=&#8221;jumbotron&#8221; _builder_version=&#8221;4.16&#8243; background_color=&#8221;#292c2f&#8221; module_alignment=&#8221;center&#8221; custom_padding=&#8221;48px|60px|48px|60px|true|true&#8221; border_radii=&#8221;on|6px|6px|6px|6px&#8221; global_colors_info=&#8221;{}&#8221;][et_pb_column type=&#8221;3_4&#8243; _builder_version=&#8221;4.16&#8243; custom_padding=&#8221;|||&#8221; global_colors_info=&#8221;{}&#8221; custom_padding__hover=&#8221;|||&#8221;][et_pb_text admin_label=&#8221;NETWORK &#8211; Globalhealth&#8221; _builder_version=&#8221;4.16&#8243; header_font=&#8221;||||||||&#8221; header_2_font=&#8221;||||||||&#8221; header_2_text_color=&#8221;#ffffff&#8221; header_2_font_size=&#8221;30px&#8221; header_3_font=&#8221;||||||||&#8221; header_3_text_color=&#8221;#ffffff&#8221; custom_margin=&#8221;20px||10px|&#8221; custom_padding=&#8221;|||&#8221; global_colors_info=&#8221;{}&#8221;]<\/p>\n<h2>NETWORK &#8211; Globalhealth<\/h2>\n<p>[\/et_pb_text][et_pb_text admin_label=&#8221;info&#8221; _builder_version=&#8221;4.16&#8243; header_font=&#8221;||||||||&#8221; header_2_font=&#8221;||||||||&#8221; header_2_text_color=&#8221;#ffffff&#8221; header_2_font_size=&#8221;30px&#8221; header_3_font=&#8221;||||||||&#8221; header_3_text_color=&#8221;#ffffff&#8221; custom_margin=&#8221;10px||10px|&#8221; global_colors_info=&#8221;{}&#8221;]<\/p>\n<h3>Informationen f\u00fcr \u00c4rzte<br \/> Fortbildungen der Globalhealth Akademie<\/h3>\n<p>[\/et_pb_text][\/et_pb_column][et_pb_column type=&#8221;1_4&#8243; _builder_version=&#8221;4.16&#8243; custom_padding=&#8221;|||&#8221; global_colors_info=&#8221;{}&#8221; custom_padding__hover=&#8221;|||&#8221;][et_pb_image src=&#8221;https:\/\/www.network-globalhealth.com\/wp-content\/uploads\/2018\/09\/jt-globe.png&#8221; align=&#8221;right&#8221; align_tablet=&#8221;center&#8221; align_phone=&#8221;&#8221; align_last_edited=&#8221;on|desktop&#8221; _builder_version=&#8221;4.16&#8243; max_width=&#8221;160px&#8221; global_colors_info=&#8221;{}&#8221;][\/et_pb_image][\/et_pb_column][\/et_pb_row][et_pb_row _builder_version=&#8221;4.27.4&#8243; custom_margin=&#8221;0px||0px||false|false&#8221; custom_padding=&#8221;10px||0px||false|false&#8221; hover_enabled=&#8221;0&#8243; global_colors_info=&#8221;{}&#8221; sticky_enabled=&#8221;0&#8243;][et_pb_column type=&#8221;4_4&#8243; _builder_version=&#8221;4.16&#8243; custom_padding=&#8221;|||&#8221; global_colors_info=&#8221;{}&#8221; custom_padding__hover=&#8221;|||&#8221;][et_pb_dcsbcm_divi_breadcrumbs_module hide_homebreadcrumb=&#8221;on&#8221; hide_currentbreadcrumb=&#8221;off&#8221; computed_field_html_payload=&#8221;<\/p>\n<div class=%22dcsbcm_divi_breadcrumbs%22 xmlns:v=%22http:\/\/rdf.data-vocabulary.org\/#%22><span class=%22dcsbcm_divi_breadcrumb%22 typeof=%22v:Breadcrumb%22><a rel=%22v:url%22 property=%22v:title%22 href=%22https:\/\/www.network-globalhealth.com\/network-globalhealth\/%22>Network Globalhealth<\/a><\/span><span class=%22dcsbcm_separator%22> \u00bb <\/span><span class=%22dcsbcm_divi_breadcrumb%22 typeof=%22v:Breadcrumb%22><a rel=%22v:url%22 property=%22v:title%22 href=%22https:\/\/www.network-globalhealth.com\/network-globalhealth\/netzwerk-extended-medicine\/%22>NETZWERK Extended Medicine<\/a><\/span><span class=%22dcsbcm_separator%22> \u00bb <\/span><span class=%22dcsbcm_divi_breadcrumb%22 typeof=%22v:Breadcrumb%22><a rel=%22v:url%22 property=%22v:title%22 href=%22https:\/\/www.network-globalhealth.com\/network-globalhealth\/netzwerk-extended-medicine\/forphysicians\/%22>Informationen f\u00fcr \u00c4rzte<\/a><\/span><span class=%22dcsbcm_separator%22> \u00bb <\/span><span class=%22dcsbcm_divi_breadcrumb%22 typeof=%22v:Breadcrumb%22><a rel=%22v:url%22 property=%22v:title%22 href=%22https:\/\/www.network-globalhealth.com\/network-globalhealth\/netzwerk-extended-medicine\/forphysicians\/fachbereiche\/%22>Fachbereiche<\/a><\/span><span class=%22dcsbcm_separator%22> \u00bb <\/span><span class=%22dcsbcm_divi_breadcrumb dcsbcm_divi_breadcrumb-active%22>Anti Aging<\/span><\/div>\n<p>&#8221; _builder_version=&#8221;4.16&#8243; fontsbreadcrumblinks_text_color=&#8221;#000000&#8243; fontsbreadcrumblinks_font_size_tablet=&#8221;51&#8243; fontsbreadcrumblinks_line_height_tablet=&#8221;2&#8243; custom_css_before=&#8221;content: \u2302;&#8221; global_colors_info=&#8221;{}&#8221; fontsbreadcrumbs_font_size_tablet=&#8221;51&#8243; fontsbreadcrumbs_line_height_tablet=&#8221;2&#8243; fontsseperator_font_size_tablet=&#8221;51&#8243; fontsseperator_line_height_tablet=&#8221;2&#8243;][\/et_pb_dcsbcm_divi_breadcrumbs_module][\/et_pb_column][\/et_pb_row][\/et_pb_section][et_pb_section fb_built=&#8221;1&#8243; _builder_version=&#8221;4.16&#8243; background_color=&#8221;#d3d3d3&#8243; custom_padding=&#8221;0|0px|54px|0px|false|false&#8221; global_colors_info=&#8221;{}&#8221;][et_pb_row column_structure=&#8221;1_3,2_3&#8243; custom_padding_last_edited=&#8221;off|phone&#8221; _builder_version=&#8221;4.27.4&#8243; module_alignment=&#8221;center&#8221; custom_padding_tablet=&#8221;0px|||&#8221; hover_enabled=&#8221;0&#8243; global_colors_info=&#8221;{}&#8221; sticky_enabled=&#8221;0&#8243; custom_margin=&#8221;0px||0px||false|false&#8221; custom_padding=&#8221;0px||||false|false&#8221;][et_pb_column type=&#8221;1_3&#8243; _builder_version=&#8221;4.16&#8243; custom_padding=&#8221;|||&#8221; global_colors_info=&#8221;{}&#8221; custom_padding__hover=&#8221;|||&#8221;][et_pb_sidebar area=&#8221;et_pb_widget_area_19&#8243; show_border=&#8221;off&#8221; disabled_on=&#8221;on|on|off&#8221; module_class=&#8221;ngh-ctm-sideBarMenu sideBarMenuItem&#8221; _builder_version=&#8221;4.16&#8243; header_font=&#8221;||||||||&#8221; body_font=&#8221;||||||||&#8221; global_colors_info=&#8221;{}&#8221;][\/et_pb_sidebar][\/et_pb_column][et_pb_column type=&#8221;2_3&#8243; _builder_version=&#8221;4.16&#8243; custom_padding=&#8221;|||30px&#8221; global_colors_info=&#8221;{}&#8221; custom_padding__hover=&#8221;|||&#8221;][et_pb_text _builder_version=&#8221;4.26.1&#8243; text_text_color=&#8221;#005b8d&#8221; text_font_size=&#8221;20px&#8221; text_line_height=&#8221;1.4em&#8221; header_font=&#8221;|600|||||||&#8221; header_font_size=&#8221;24px&#8221; header_3_font_size=&#8221;20px&#8221; custom_margin=&#8221;10px||&#8221; custom_padding=&#8221;||&#8221; global_colors_info=&#8221;{}&#8221;]<\/p>\n<h1><span class=\"topic23\"><img loading=\"lazy\" decoding=\"async\" width=\"150\" height=\"150\" src=\"\/wp-content\/images\/academy\/Lipolyse_Advanced.jpg\" alt=\"\" class=\"size-medium alignnone\" style=\"float: right;\" \/><\/span><\/h1>\n<h1>\u00bbInjektions-Lipolyse\u00ab Aufbaukurs<\/h1>\n<h3>Erweiterung des Netzwerk-Protokolls<\/h3>\n<p>[\/et_pb_text][et_pb_text ul_item_indent=&#8221;40px&#8221; ol_position=&#8221;outside&#8221; ol_item_indent=&#8221;40px&#8221; _builder_version=&#8221;4.27.4&#8243; custom_margin=&#8221;10px||&#8221; custom_padding=&#8221;||&#8221; global_colors_info=&#8221;{}&#8221;]Der Aufbaukurs Injektions-Lipolyse basiert auf langj\u00e4hriger Praxiserfahrung und dem wertvollen Feedback zahlreicher Teilnehmer. Diese Fortbildung f\u00fcr fortgeschrittene \u00c4rztinnen und \u00c4rzte richtet sich an alle, die bereits den <strong>Lipolyse-Basiskurs<\/strong> absolviert haben und nun ihr Wissen gezielt vertiefen sowie erweiterte Behandlungstechniken erlernen m\u00f6chten.<\/p>\n<p>Ein zentrales Ziel dieses Fortgeschrittenen-Kurses f\u00fcr Injektions-Lipolyse ist die individuelle Anpassung des NETZWERK-Therapieprotokolls an die spezifischen Bed\u00fcrfnisse einzelner Patienten. Dazu geh\u00f6ren:<\/p>\n<ul>\n<li>Modifikation der Gesamtdosis<\/li>\n<li>Anpassung der Dosierung pro Injektion<\/li>\n<li>Ver\u00e4nderung der Verd\u00fcnnung des NETZWERK-Compounds<\/li>\n<\/ul>\n<p>Im Fokus stehen au\u00dferdem schwierige Indikationen und Regionen wie beispielsweise <strong>Knie, Cellulite oder Gyn\u00e4komastie<\/strong>, aber auch der Einsatz von <strong>Nano PPC<\/strong> sowie ein offener Erfahrungsaustausch der Teilnehmer untereinander.<\/p>\n<p>Ein besonderer Schwerpunkt liegt auf der \u00e4sthetischen Behandlung des Gesichts \u2013 mit speziell angepassten Techniken und pr\u00e4ziser Dosierung. Ziel ist es, sichere und effektive Ergebnisse in empfindlichen Gesichtsregionen zu erzielen.<\/p>\n<p><strong>Voraussetzungen f\u00fcr die Teilnahme<\/strong><\/p>\n<p>Die Teilnahme am Aufbaukurs Injektions-Lipolyse setzt den erfolgreichen Abschluss des Lipolyse Basiskurses sowie praktische Erfahrung mit dem NETZWERK Behandlungsprotokoll voraus.<br \/>\n<\/p>\n<h3>Ihre Dozentin<\/h3>\n<p><span class=\"medium-caption\">Dr. med. Margrit Lettko<\/span><br \/>\n<small>Direktorin des NETZWERK-Lipolyse<\/small><\/p>\n<h3>Haben Sie Fragen zu unseren Kursen?<\/h3>\n<p><b>Kontaktieren Sie Frau Keller:<\/b><br \/>\nTelefon: +49 &#8211; (0)2508-21 59-200<br \/>\noder schicken Sie uns eine Email: <a style=\"color: #b30000; text-decoration: underline;\" href=\"mailto:workshop@network-globalhealth.com\">e-mail senden<\/a><\/p>\n<h3>Workshop-Teilnehmer Feedback<\/h3>\n<p>&#8220;Ich freue mich, im Netzwerk mitzumachen und bin echt begeistert von seinem administrativen Aufbau und der dahinter stehenden Organisation.&#8221;<br \/>\n<span style=\"margin-left: 12px;\">Prof. Dr. Kesselring, plast. Chirurg, CH (Mitglied seit 2006)<\/span><\/p>\n<p>&#8220;Tolle Referenten, sehr praxisnah&#8221;<br \/>\n<span style=\"margin-left: 12px;\">Dr. Sandra Moritz. D<\/span><\/p>\n<p>&#8220;Sehr gut, besser als erwartet. Nach 9 Jahren praktischer Lipolyse glaubte ich perfekt zu sein. Ich habe hier viel dazugelernt.&#8221;<br \/>\n<span style=\"margin-left: 12px;\">Klaus Esenwein, D<\/span><\/p>\n<p>&#8220;The workshops I attended were without doubt the best teaching courses in aesthetic medicine that I have ever attended. A thorough and full day of detailed instruction was given including lectures, informal discussion and many practical demonstrations on volunteer patient models.&#8221;<br \/>\n<span style=\"margin-left: 12px;\">Dr Mark Palmer, UK<\/span>[\/et_pb_text][et_pb_accordion open_toggle_text_color=&#8221;#005b8d&#8221; closed_toggle_text_color=&#8221;#005b8d&#8221; disabled_on=&#8221;on|on|on&#8221; _builder_version=&#8221;4.16&#8243; toggle_level=&#8221;h4&#8243; toggle_font=&#8221;||||||||&#8221; body_font=&#8221;||||||||&#8221; custom_margin=&#8221;-90px||&#8221; disabled=&#8221;on&#8221; global_colors_info=&#8221;{}&#8221;][et_pb_accordion_item open=&#8221;on&#8221; open_toggle_text_color=&#8221;rgba(0,0,0,0)&#8221; open_toggle_background_color=&#8221;rgba(0,0,0,0)&#8221; closed_toggle_text_color=&#8221;rgba(0,0,0,0)&#8221; closed_toggle_background_color=&#8221;rgba(0,0,0,0)&#8221; icon_color=&#8221;rgba(0,0,0,0)&#8221; _builder_version=&#8221;4.16&#8243; border_width_all=&#8221;0px&#8221; border_color_all=&#8221;rgba(0,0,0,0)&#8221; global_colors_info=&#8221;{}&#8221;][\/et_pb_accordion_item][et_pb_accordion_item title=&#8221;Titel eingeben&#8221; icon_color=&#8221;#005b8d&#8221; _builder_version=&#8221;4.16&#8243; custom_margin=&#8221;||0px&#8221; global_colors_info=&#8221;{}&#8221; open=&#8221;off&#8221;]Lorem ipsum dolor sit amet, consetetur sadipscing elitr, sed diam nonumy eirmod tempor invidunt ut labore et dolore magna aliquyam erat, sed diam voluptua. At vero eos et accusam et justo duo dolores et ea rebum. Stet clita kasd gubergren, no sea takimata sanctus est Lorem ipsum dolor sit amet. Lorem ipsum dolor sit amet, consetetur sadipscing elitr, sed diam nonumy eirmod tempor invidunt ut labore et dolore magna aliquyam erat, sed diam voluptua. At vero eos et accusam et justo duo dolores et ea rebum. Stet clita kasd gubergren, no sea takimata sanctus est Lorem ipsum dolor sit amet.[\/et_pb_accordion_item][\/et_pb_accordion][et_pb_divider color=&#8221;#9d9d9d&#8221; disabled_on=&#8221;on|on|on&#8221; _builder_version=&#8221;4.16&#8243; _module_preset=&#8221;default&#8221; custom_margin=&#8221;0px||0px||false|false&#8221; custom_padding=&#8221;0px||0px||false|false&#8221; disabled=&#8221;on&#8221; global_colors_info=&#8221;{}&#8221;][\/et_pb_divider][et_pb_text ul_item_indent=&#8221;40px&#8221; ol_item_indent=&#8221;40px&#8221; disabled_on=&#8221;on|on|on&#8221; _builder_version=&#8221;4.16&#8243; custom_margin=&#8221;10px||&#8221; custom_padding=&#8221;||&#8221; disabled=&#8221;on&#8221; global_colors_info=&#8221;{}&#8221;]<\/p>\n<p>Lorem ipsum dolor sit amet, consetetur sadipscing elitr, sed diam nonumy eirmod tempor invidunt ut labore et dolore magna aliquyam erat, sed diam voluptua. At vero eos et accusam et justo duo dolores et ea rebum. Stet clita kasd gubergren, no sea takimata sanctus est Lorem ipsum dolor sit amet. Lorem ipsum dolor sit amet, consetetur sadipscing elitr, sed diam nonumy eirmod tempor invidunt ut labore et dolore magna aliquyam erat, sed diam voluptua. At vero eos et accusam et justo duo dolores et ea rebum. Stet clita kasd gubergren, no sea takimata sanctus est Lorem ipsum dolor sit amet.<\/p>\n<p>[\/et_pb_text][\/et_pb_column][\/et_pb_row][et_pb_row column_structure=&#8221;1_3,2_3&#8243; _builder_version=&#8221;4.16&#8243; module_alignment=&#8221;center&#8221; global_colors_info=&#8221;{}&#8221;][et_pb_column type=&#8221;1_3&#8243; _builder_version=&#8221;4.16&#8243; custom_padding=&#8221;|||&#8221; global_colors_info=&#8221;{}&#8221; custom_padding__hover=&#8221;|||&#8221;][et_pb_sidebar area=&#8221;et_pb_widget_area_19&#8243; show_border=&#8221;off&#8221; disabled_on=&#8221;off|off|on&#8221; module_id=&#8221;Netzwerke&#8221; module_class=&#8221;ngh-ctm-sideBarMenu sideBarMenuItem&#8221; _builder_version=&#8221;4.16&#8243; header_font=&#8221;||||||||&#8221; body_font=&#8221;||||||||&#8221; global_colors_info=&#8221;{}&#8221;][\/et_pb_sidebar][\/et_pb_column][et_pb_column type=&#8221;2_3&#8243; _builder_version=&#8221;4.16&#8243; custom_padding=&#8221;|||&#8221; global_colors_info=&#8221;{}&#8221; custom_padding__hover=&#8221;|||&#8221;][\/et_pb_column][\/et_pb_row][\/et_pb_section]<\/p>\n","protected":false},"excerpt":{"rendered":"<p>NETWORK &#8211; Globalhealth Informationen f\u00fcr \u00c4rzte Fortbildungen der Globalhealth Akademie \u00bbInjektions-Lipolyse\u00ab Aufbaukurs Erweiterung des Netzwerk-ProtokollsDer Aufbaukurs Injektions-Lipolyse basiert auf langj\u00e4hriger Praxiserfahrung und dem wertvollen Feedback zahlreicher Teilnehmer. Diese Fortbildung f\u00fcr fortgeschrittene \u00c4rztinnen und \u00c4rzte richtet sich an alle, die bereits den Lipolyse-Basiskurs absolviert haben und nun ihr Wissen gezielt vertiefen sowie erweiterte Behandlungstechniken erlernen m\u00f6chten. [&hellip;]<\/p>\n","protected":false},"author":1,"featured_media":0,"parent":18680,"menu_order":3,"comment_status":"closed","ping_status":"closed","template":"","meta":{"_acf_changed":false,"_bbp_topic_count":0,"_bbp_reply_count":0,"_bbp_total_topic_count":0,"_bbp_total_reply_count":0,"_bbp_voice_count":0,"_bbp_anonymous_reply_count":0,"_bbp_topic_count_hidden":0,"_bbp_reply_count_hidden":0,"_bbp_forum_subforum_count":0,"_et_pb_use_builder":"on","_et_pb_old_content":"","_et_gb_content_width":"","_exactmetrics_skip_tracking":false,"_exactmetrics_sitenote_active":false,"_exactmetrics_sitenote_note":"","_exactmetrics_sitenote_category":0,"footnotes":""},"class_list":["post-16256","page","type-page","status-publish","hentry"],"acf":[],"yoast_head":"<!-- This site is optimized with the Yoast SEO Premium plugin v27.3 (Yoast SEO v27.3) - https:\/\/yoast.com\/product\/yoast-seo-premium-wordpress\/ -->\n<title>MASTER Class Injektions-Lipolyse Kurs Fortbildung Workshop Fett-Weg Spritze<\/title>\n<meta name=\"description\" content=\"Die Master Class Injektions-Lipolyse versteht sich als vertiefende Fortbildung f\u00fcr erfahrene Anwender der Fett-Weg-Spritze.\" \/>\n<meta name=\"robots\" content=\"index, follow, max-snippet:-1, max-image-preview:large, max-video-preview:-1\" \/>\n<link rel=\"canonical\" href=\"https:\/\/www.network-globalhealth.com\/en\/network-globalhealth\/forphysicians\/lipolysemaster-academy\/\" \/>\n<meta property=\"og:locale\" content=\"en_US\" \/>\n<meta property=\"og:type\" content=\"article\" \/>\n<meta property=\"og:title\" content=\"MASTER Class Injektions-Lipolyse\" \/>\n<meta property=\"og:description\" content=\"Die Master Class Injektions-Lipolyse versteht sich als vertiefende Fortbildung f\u00fcr erfahrene Anwender der Fett-Weg-Spritze.\" \/>\n<meta property=\"og:url\" content=\"https:\/\/www.network-globalhealth.com\/en\/network-globalhealth\/forphysicians\/lipolysemaster-academy\/\" \/>\n<meta property=\"og:site_name\" content=\"NETWORK-Globalhealth\" \/>\n<meta property=\"article:modified_time\" content=\"2025-10-27T10:15:28+00:00\" \/>\n<meta name=\"twitter:card\" content=\"summary_large_image\" \/>\n<meta name=\"twitter:label1\" content=\"Est. reading time\" \/>\n\t<meta name=\"twitter:data1\" content=\"7 minutes\" \/>\n<script type=\"application\/ld+json\" class=\"yoast-schema-graph\">{\"@context\":\"https:\\\/\\\/schema.org\",\"@graph\":[{\"@type\":\"WebPage\",\"@id\":\"https:\\\/\\\/www.network-globalhealth.com\\\/en\\\/network-globalhealth\\\/forphysicians\\\/lipolysemaster-academy\\\/\",\"url\":\"https:\\\/\\\/www.network-globalhealth.com\\\/en\\\/network-globalhealth\\\/forphysicians\\\/lipolysemaster-academy\\\/\",\"name\":\"MASTER Class Injektions-Lipolyse Kurs Fortbildung Workshop Fett-Weg Spritze\",\"isPartOf\":{\"@id\":\"https:\\\/\\\/www.network-globalhealth.com\\\/#website\"},\"datePublished\":\"2017-07-30T13:34:19+00:00\",\"dateModified\":\"2025-10-27T10:15:28+00:00\",\"description\":\"Die Master Class Injektions-Lipolyse versteht sich als vertiefende Fortbildung f\u00fcr erfahrene Anwender der Fett-Weg-Spritze.\",\"breadcrumb\":{\"@id\":\"https:\\\/\\\/www.network-globalhealth.com\\\/en\\\/network-globalhealth\\\/forphysicians\\\/lipolysemaster-academy\\\/#breadcrumb\"},\"inLanguage\":\"en-US\",\"potentialAction\":[{\"@type\":\"ReadAction\",\"target\":[\"https:\\\/\\\/www.network-globalhealth.com\\\/en\\\/network-globalhealth\\\/forphysicians\\\/lipolysemaster-academy\\\/\"]}]},{\"@type\":\"BreadcrumbList\",\"@id\":\"https:\\\/\\\/www.network-globalhealth.com\\\/en\\\/network-globalhealth\\\/forphysicians\\\/lipolysemaster-academy\\\/#breadcrumb\",\"itemListElement\":[{\"@type\":\"ListItem\",\"position\":1,\"name\":\"Startseite\",\"item\":\"https:\\\/\\\/www.network-globalhealth.com\\\/en\\\/\"},{\"@type\":\"ListItem\",\"position\":2,\"name\":\"Network Globalhealth\",\"item\":\"https:\\\/\\\/www.network-globalhealth.com\\\/en\\\/\"},{\"@type\":\"ListItem\",\"position\":3,\"name\":\"Information for Physicians\",\"item\":\"https:\\\/\\\/www.network-globalhealth.com\\\/en\\\/network-globalhealth\\\/forphysicians\\\/\"},{\"@type\":\"ListItem\",\"position\":4,\"name\":\"MASTER Class Injektions-Lipolyse\"}]},{\"@type\":\"WebSite\",\"@id\":\"https:\\\/\\\/www.network-globalhealth.com\\\/#website\",\"url\":\"https:\\\/\\\/www.network-globalhealth.com\\\/\",\"name\":\"NETWORK-Globalhealth\",\"description\":\"\",\"potentialAction\":[{\"@type\":\"SearchAction\",\"target\":{\"@type\":\"EntryPoint\",\"urlTemplate\":\"https:\\\/\\\/www.network-globalhealth.com\\\/?s={search_term_string}\"},\"query-input\":{\"@type\":\"PropertyValueSpecification\",\"valueRequired\":true,\"valueName\":\"search_term_string\"}}],\"inLanguage\":\"en-US\"}]}<\/script>\n<!-- \/ Yoast SEO Premium plugin. -->","yoast_head_json":{"title":"MASTER Class Injektions-Lipolyse Kurs Fortbildung Workshop Fett-Weg Spritze","description":"Die Master Class Injektions-Lipolyse versteht sich als vertiefende Fortbildung f\u00fcr erfahrene Anwender der Fett-Weg-Spritze.","robots":{"index":"index","follow":"follow","max-snippet":"max-snippet:-1","max-image-preview":"max-image-preview:large","max-video-preview":"max-video-preview:-1"},"canonical":"https:\/\/www.network-globalhealth.com\/en\/network-globalhealth\/forphysicians\/lipolysemaster-academy\/","og_locale":"en_US","og_type":"article","og_title":"MASTER Class Injektions-Lipolyse","og_description":"Die Master Class Injektions-Lipolyse versteht sich als vertiefende Fortbildung f\u00fcr erfahrene Anwender der Fett-Weg-Spritze.","og_url":"https:\/\/www.network-globalhealth.com\/en\/network-globalhealth\/forphysicians\/lipolysemaster-academy\/","og_site_name":"NETWORK-Globalhealth","article_modified_time":"2025-10-27T10:15:28+00:00","twitter_card":"summary_large_image","twitter_misc":{"Est. reading time":"7 minutes"},"schema":{"@context":"https:\/\/schema.org","@graph":[{"@type":"WebPage","@id":"https:\/\/www.network-globalhealth.com\/en\/network-globalhealth\/forphysicians\/lipolysemaster-academy\/","url":"https:\/\/www.network-globalhealth.com\/en\/network-globalhealth\/forphysicians\/lipolysemaster-academy\/","name":"MASTER Class Injektions-Lipolyse Kurs Fortbildung Workshop Fett-Weg Spritze","isPartOf":{"@id":"https:\/\/www.network-globalhealth.com\/#website"},"datePublished":"2017-07-30T13:34:19+00:00","dateModified":"2025-10-27T10:15:28+00:00","description":"Die Master Class Injektions-Lipolyse versteht sich als vertiefende Fortbildung f\u00fcr erfahrene Anwender der Fett-Weg-Spritze.","breadcrumb":{"@id":"https:\/\/www.network-globalhealth.com\/en\/network-globalhealth\/forphysicians\/lipolysemaster-academy\/#breadcrumb"},"inLanguage":"en-US","potentialAction":[{"@type":"ReadAction","target":["https:\/\/www.network-globalhealth.com\/en\/network-globalhealth\/forphysicians\/lipolysemaster-academy\/"]}]},{"@type":"BreadcrumbList","@id":"https:\/\/www.network-globalhealth.com\/en\/network-globalhealth\/forphysicians\/lipolysemaster-academy\/#breadcrumb","itemListElement":[{"@type":"ListItem","position":1,"name":"Startseite","item":"https:\/\/www.network-globalhealth.com\/en\/"},{"@type":"ListItem","position":2,"name":"Network Globalhealth","item":"https:\/\/www.network-globalhealth.com\/en\/"},{"@type":"ListItem","position":3,"name":"Information for Physicians","item":"https:\/\/www.network-globalhealth.com\/en\/network-globalhealth\/forphysicians\/"},{"@type":"ListItem","position":4,"name":"MASTER Class Injektions-Lipolyse"}]},{"@type":"WebSite","@id":"https:\/\/www.network-globalhealth.com\/#website","url":"https:\/\/www.network-globalhealth.com\/","name":"NETWORK-Globalhealth","description":"","potentialAction":[{"@type":"SearchAction","target":{"@type":"EntryPoint","urlTemplate":"https:\/\/www.network-globalhealth.com\/?s={search_term_string}"},"query-input":{"@type":"PropertyValueSpecification","valueRequired":true,"valueName":"search_term_string"}}],"inLanguage":"en-US"}]}},"_links":{"self":[{"href":"https:\/\/www.network-globalhealth.com\/en\/wp-json\/wp\/v2\/pages\/16256","targetHints":{"allow":["GET"]}}],"collection":[{"href":"https:\/\/www.network-globalhealth.com\/en\/wp-json\/wp\/v2\/pages"}],"about":[{"href":"https:\/\/www.network-globalhealth.com\/en\/wp-json\/wp\/v2\/types\/page"}],"author":[{"embeddable":true,"href":"https:\/\/www.network-globalhealth.com\/en\/wp-json\/wp\/v2\/users\/1"}],"replies":[{"embeddable":true,"href":"https:\/\/www.network-globalhealth.com\/en\/wp-json\/wp\/v2\/comments?post=16256"}],"version-history":[{"count":16,"href":"https:\/\/www.network-globalhealth.com\/en\/wp-json\/wp\/v2\/pages\/16256\/revisions"}],"predecessor-version":[{"id":31684,"href":"https:\/\/www.network-globalhealth.com\/en\/wp-json\/wp\/v2\/pages\/16256\/revisions\/31684"}],"up":[{"embeddable":true,"href":"https:\/\/www.network-globalhealth.com\/en\/wp-json\/wp\/v2\/pages\/18680"}],"wp:attachment":[{"href":"https:\/\/www.network-globalhealth.com\/en\/wp-json\/wp\/v2\/media?parent=16256"}],"curies":[{"name":"wp","href":"https:\/\/api.w.org\/{rel}","templated":true}]}}